{"id":41879,"date":"2024-04-29T11:37:27","date_gmt":"2024-04-29T04:37:27","guid":{"rendered":"https:\/\/y8.com.vn\/?page_id=41879"},"modified":"2024-04-29T11:38:01","modified_gmt":"2024-04-29T04:38:01","slug":"chinh-sach-bao-mat","status":"publish","type":"page","link":"https:\/\/y8.com.vn\/hu\/politika-konyv-borito\/","title":{"rendered":"Adatv\u00e9delmi ir\u00e1nyelvek"},"content":{"rendered":"<div>\n<h2>Adatv\u00e9delmi szab\u00e1lyzat<\/h2>\n<div><\/div>\n<div>A Y8.com.vn nagyon komolyan veszi az \u00d6n szem\u00e9lyes adatait. A Y8.com.vn elk\u00f6telezte mag\u00e1t az \u00d6n adatainak v\u00e9delme mellett, \u00e9s ez az adatv\u00e9delmi szab\u00e1lyzat megmagyar\u00e1zza adatgy\u0171jt\u00e9s\u00fcnket, felhaszn\u00e1l\u00e1sunkat \u00e9s k\u00f6zz\u00e9t\u00e9tel\u00fcnket.<\/div>\n<div><\/div>\n<div>Ez a szab\u00e1lyzat kiterjed arra, hogy az Y8.com.vn hogyan kezeli a szem\u00e9lyes adatokat, amelyeket az Y8.com.vn gy\u0171jt \u00e9s kap \u00d6nt\u0151l.<\/div>\n<div><\/div>\n<div>Az Y8.com.vn szolg\u00e1ltat\u00e1sait (\u201eSzolg\u00e1ltat\u00e1sok\u201d) az al\u00e1bbi szolg\u00e1ltat\u00e1si felt\u00e9telek \u00e9s adatv\u00e9delmi szab\u00e1lyzat szerint ny\u00fajtja \u00d6nnek. Ezt az adatv\u00e9delmi szab\u00e1lyzatot id\u0151r\u0151l id\u0151re friss\u00edthetj\u00fck. Itt b\u00e1rmikor megtekintheti az Adatv\u00e9delmi szab\u00e1lyzat leg\u00fajabb verzi\u00f3j\u00e1t. A Szolg\u00e1ltat\u00e1sok b\u00e1rmely ilyen v\u00e1ltoztat\u00e1s ut\u00e1ni tov\u00e1bbi haszn\u00e1lata az \u00faj adatv\u00e9delmi szab\u00e1lyzat elfogad\u00e1s\u00e1t jelenti.<\/div>\n<div><\/div>\n<h3>1. Inform\u00e1ci\u00f3 gy\u0171jt\u00e9se \u00e9s felhaszn\u00e1l\u00e1sa:<\/h3>\n<div><\/div>\n<div>Amikor regisztr\u00e1l egy Y8.com.vn fi\u00f3kra, az Y8.com.vn szem\u00e9lyes adatokat gy\u0171jt, p\u00e9ld\u00e1ul felhaszn\u00e1l\u00f3nevet, e-mail c\u00edmet, sz\u00fclet\u00e9si d\u00e1tumot, nemet \u00e9s b\u00e1rmely m\u00e1s szem\u00e9lyes adatot, amellyel bel\u00e9p a szolg\u00e1ltat\u00e1sba, valamint a fi\u00f3kot \u00e1br\u00e1zol\u00f3 k\u00e9pet .<\/div>\n<div><\/div>\n<div>A Y8.com.vn az \u00d6n szem\u00e9lyes adatait a k\u00f6vetkez\u0151 \u00e1ltal\u00e1nos c\u00e9lokra haszn\u00e1lja fel: (I) Szolg\u00e1ltat\u00e1sok ny\u00fajt\u00e1s\u00e1ra; (ii) V\u00e1laszolni az \u00d6n k\u00e9rd\u00e9seire \u00e9s megjegyz\u00e9seire; (iii) E-mailben (vagy m\u00e1s elektronikus \u00faton) \u00e9rtes\u00edteni a Szolg\u00e1ltat\u00e1sokr\u00f3l; (iv) Statisztikai c\u00e9lokra \u00e9s (V) Egy\u00e9b c\u00e9lokra, amelyeket a gy\u0171jt\u00e9s id\u0151pontj\u00e1ban \u00d6nre hat\u00e1roztak meg.<\/div>\n<div><\/div>\n<div>A szolg\u00e1ltat\u00e1s haszn\u00e1lata sor\u00e1n \u00d6n be\u00e1ll\u00edthatja szem\u00e9lyes adatait, az Y8.com.vn t\u00e1rolja \u00e9s \u00f6sszegy\u0171jti ezeket az inform\u00e1ci\u00f3kat, \u00edgy az Y8.com.vn szem\u00e9lyes szolg\u00e1ltat\u00e1sokat \u00e9s alapvet\u0151 funkci\u00f3kat tud \u00d6nnek biztos\u00edtani.<\/div>\n<div><\/div>\n<div>K\u00e9rj\u00fck, vegye figyelembe, hogy ha a szolg\u00e1ltat\u00e1si csomagok (el\u0151fizet\u00e9sek) v\u00e1s\u00e1rl\u00e1sakor fizet\u00e9si adatokat ad meg a szolg\u00e1ltat\u00e1sban, az Y8.com.vn nem fogadja vagy t\u00e1rolja az ilyen fizet\u00e9si inform\u00e1ci\u00f3kat, mivel ezeket az inform\u00e1ci\u00f3kat a szolg\u00e1ltat\u00f3 biztos\u00edtja Fizet\u00e9si szolg\u00e1ltat\u00e1saink fogad\u00e1sa, t\u00e1rol\u00e1sa \u00e9s felhaszn\u00e1l\u00e1sa V\u00e1s\u00e1rl\u00e1si Tranzakci\u00f3k Lebonyol\u00edt\u00e1sa c\u00e9lj\u00e1b\u00f3l.<\/div>\n<div><\/div>\n<h3>2. Szem\u00e9lyes adatok t\u00e1rol\u00e1sa:<\/h3>\n<div><\/div>\n<div>A tag szem\u00e9lyes adatai automatikusan biztons\u00e1gosan ment\u00e9sre ker\u00fclnek az Y8.com.vn webhely szervermem\u00f3ri\u00e1j\u00e1ban a tag Y8.com.vn webhelyen t\u00f6rt\u00e9n\u0151 tags\u00e1gi id\u0151szaka alatt, \u00e9s\/vagy amint a tag k\u00e9relmet k\u00fcld a szem\u00e9lyes adatok t\u00f6rl\u00e9s\u00e9re az Y8.com oldalon. vn Az Y8.com.vn webhely adminisztr\u00e1ci\u00f3s tan\u00e1cs\u00e1nak telefonsz\u00e1ma vagy e-mail c\u00edme<\/div>\n<div><\/div>\n<h3>3. Cookie-k<\/h3>\n<div><\/div>\n<div>A cookie egy kis adatmennyis\u00e9g, gyakran n\u00e9vtelen egyedi azonos\u00edt\u00f3t is mag\u00e1ban foglal\u00f3, amelyet az \u00d6n eszk\u00f6zeir\u0151l (sz\u00e1m\u00edt\u00f3g\u00e9pr\u0151l vagy telefonr\u00f3l\u2026) k\u00fcldenek a b\u00f6ng\u00e9sz\u0151be, \u00e9s az eszk\u00f6z\u00f6n t\u00e1rolnak. Be\u00e1ll\u00edthatja b\u00f6ng\u00e9sz\u0151j\u00e9t \u00fagy, hogy minden cookie-t elfogadjon, minden cookie-t elutas\u00edtson, vagy \u00e9rtes\u00edtse \u00d6nt a cookie-k be\u00e1ll\u00edt\u00e1sakor. Ha t\u00f6r\u00f6lni szeretn\u00e9 az eszk\u00f6z\u00e9n m\u00e1r megl\u00e9v\u0151 cookie-kat, k\u00e9rj\u00fck, olvassa el b\u00f6ng\u00e9sz\u0151je utas\u00edt\u00e1sait a cookie-kat t\u00e1rol\u00f3 f\u00e1jl vagy mappa hely\u00e9nek meghat\u00e1roz\u00e1s\u00e1hoz. Ha visszautas\u00edtja az \u00f6sszes cookie-t, el\u0151fordulhat, hogy nem fogja tudni haszn\u00e1lni a Szolg\u00e1ltat\u00e1s egyes funkci\u00f3it.<\/div>\n<div><\/div>\n<div>A Y8.com.vn lehet\u0151v\u00e9 teszi m\u00e1s szervezetek sz\u00e1m\u00e1ra, hogy hirdet\u00e9seket jelen\u00edtsenek meg vagy szolg\u00e1ltat\u00e1sokat ny\u00fajtsanak egyes webhelyeinken, hogy elhelyezz\u00e9k \u00e9s hozz\u00e1f\u00e9rjenek cookie-jaikhoz az \u00d6n k\u00e9sz\u00fcl\u00e9k\u00e9n. M\u00e1s szervezeteknek saj\u00e1t adatv\u00e9delmi ir\u00e1nyelveiknek megfelel\u0151en kell haszn\u00e1lniuk a cookie-kat, nem pedig ennek az ir\u00e1nyelvnek. A hirdet\u0151k vagy m\u00e1s szervezetek nem f\u00e9rhetnek hozz\u00e1 az Y8.com.vn cookie-jaihoz.<\/div>\n<div><\/div>\n<h3>4. Szem\u00e9lyes adatok nyilv\u00e1noss\u00e1gra hozatala<\/h3>\n<div><\/div>\n<div>A tagok beleegyeznek abba, hogy sz\u00fcks\u00e9g eset\u00e9n a k\u00f6vetkez\u0151 \u00fcgyn\u00f6ks\u00e9geknek\/szervezeteknek\/mag\u00e1nszem\u00e9lyeknek van joguk hozz\u00e1f\u00e9rni \u00e9s begy\u0171jteni szem\u00e9lyes adataikat, ide\u00e9rtve:<\/div>\n<div><\/div>\n<div>Y8.com.vn Weboldal igazgat\u00f3tan\u00e1csa; Harmadik felek szolg\u00e1ltat\u00e1sai integr\u00e1lva vannak az Y8.com.vn weboldallal; Ig\u00e9ny eset\u00e9n illet\u00e9kes \u00c1llami \u00dcgyn\u00f6ks\u00e9g a M\u0171k\u00f6d\u00e9si Szab\u00e1lyzatban foglaltak szerint.<\/div>\n<div><\/div>\n<h3>5. Harmadik f\u00e9l hirdet\u00e9sei<\/h3>\n<div><\/div>\n<div>Az Y8.com.vn kiv\u00e1lasztott hirdet\u00e9seket jelen\u00edt meg szem\u00e9lyes adatokon. A Y8.com.vn semmilyen szem\u00e9lyes adatot nem ad ki a hirdet\u0151knek, amikor \u00d6n hirdet\u00e9sekkel l\u00e9p kapcsolatba vagy tekint meg. A hirdet\u00e9ssel val\u00f3 interakci\u00f3val vagy egy hirdet\u00e9s megtekint\u00e9s\u00e9vel azonban beleegyezik abba, hogy a Hirdet\u0151 felt\u00e9telezze, hogy \u00d6n megfelel a hirdet\u00e9s megjelen\u00edt\u00e9s\u00e9hez haszn\u00e1lt c\u00e9lz\u00e1si felt\u00e9teleknek. Egy vagy t\u00f6bb harmadik f\u00e9l nev\u00e9ben is hirdethet\u00fcnk \u00d6nnek, de ilyen esetekben nem osztjuk meg e-mail c\u00edm\u00e9t vagy egy\u00e9b szem\u00e9lyes adatait ezekkel a harmadik felekkel.<\/div>\n<div><\/div>\n<h3>6. Titoktart\u00e1s \u00e9s biztons\u00e1g<\/h3>\n<div><\/div>\n<div>Int\u00e9zked\u00e9seket tesz\u00fcnk a szem\u00e9lyes adatok \u00e9sszer\u0171 szabv\u00e1nyos biztons\u00e1gi v\u00e9delemmel t\u00f6rt\u00e9n\u0151 v\u00e9delm\u00e9re az elveszt\u00e9s vagy lop\u00e1s, valamint a jogosulatlan hozz\u00e1f\u00e9r\u00e9s, nyilv\u00e1noss\u00e1gra hozatal, m\u00e1sol\u00e1s, nem megfelel\u0151 felhaszn\u00e1l\u00e1s vagy m\u00f3dos\u00edt\u00e1s ellen.<\/div>\n<div><\/div>\n<div>Csak \u00d6n \u00e9s mi l\u00e1thatjuk az \u00d6n jelszavakkal \u00e9s egy\u00e9b m\u00f3dszerekkel v\u00e9dett szem\u00e9lyes adatait a jelen Adatv\u00e9delmi szab\u00e1lyzatban meghat\u00e1rozottak szerint. \u00d6n beleegyezik abba, hogy jelszav\u00e1t\/jelszavait bizalmasan kezeli, \u00e9s nem fedje fel m\u00e1s szem\u00e9lynek, illetve enged\u00e9lyezi jelszav\u00e1nak felfed\u00e9s\u00e9t.<\/div>\n<div><\/div>\n<div>A Y8.com.vn biztos\u00edt\u00e9kokat k\u00edn\u00e1l az \u00d6n szem\u00e9lyes adatai v\u00e9delm\u00e9re vonatkoz\u00f3 el\u0151\u00edr\u00e1sok betart\u00e1s\u00e1ra. Az Interneten kereszt\u00fcli adat\u00e1tvitel azonban nem garant\u00e1lt 100% biztons\u00e1g. Ez\u00e9rt az Y8.com.vn nem tudja garant\u00e1lni vagy elk\u00f6telezni mag\u00e1t az \u00d6n \u00e1ltal az Y8.com.vn webhelyre tov\u00e1bb\u00edtott inform\u00e1ci\u00f3k biztons\u00e1g\u00e1\u00e9rt. A Szolg\u00e1ltat\u00e1s el\u00e9r\u00e9s\u00e9vel \u00e9s haszn\u00e1lat\u00e1val ezt saj\u00e1t kock\u00e1zat\u00e1ra teszi, \u00e9s felel\u0151s az\u00e9rt, hogy korl\u00e1tozza a sz\u00e1m\u00edt\u00f3g\u00e9p\u00e9hez val\u00f3 hozz\u00e1f\u00e9r\u00e9st, \u00e9s gondoskodjon arr\u00f3l, hogy sz\u00e1m\u00edt\u00f3g\u00e9pe mentes legyen mindenf\u00e9le rosszindulat\u00fa k\u00f3dt\u00f3l, k\u00e9mprogramt\u00f3l, v\u00edrust\u00f3l, tr\u00f3jai programt\u00f3l, stb. A Szolg\u00e1ltat\u00e1sba bevitt b\u00e1rmely adat, bele\u00e9rtve az e-mail c\u00edmeket \u00e9s a fizet\u00e9ssel kapcsolatos inform\u00e1ci\u00f3kat. Nem v\u00e1llalunk felel\u0151ss\u00e9get semmilyen vesztes\u00e9g\u00e9rt vagy k\u00e1r\u00e9rt, amely abb\u00f3l ered, hogy a felhaszn\u00e1l\u00f3 nem tartja be a jelen szakaszt.<\/div>\n<div><\/div>\n<div>Amikor azonban fizet fizet\u0151s szolg\u00e1ltat\u00e1sok\u00e9rt fizet, az Y8.com.vn biztons\u00e1gos fizet\u00e9si szolg\u00e1ltat\u00f3kat vesz ig\u00e9nybe annak biztos\u00edt\u00e1s\u00e1ra, hogy fizet\u00e9sei biztons\u00e1gosak legyenek.<\/div>\n<div><\/div>\n<h3>7. Harmadik felek webhelyei<\/h3>\n<div><\/div>\n<div>Amennyiben a Szolg\u00e1ltat\u00e1s m\u00e1s webhelyekre mutat\u00f3 hivatkoz\u00e1sokat tartalmaz, ezek az egy\u00e9b webhelyek nem m\u0171k\u00f6dnek a jelen Adatv\u00e9delmi szab\u00e1lyzat \u00e9rtelm\u00e9ben. Az Y8.com.vn azt javasolja, hogy tekintse \u00e1t az ezen m\u00e1s webhelyeken k\u00f6zz\u00e9tett adatv\u00e9delmi nyilatkozatokat, hogy meg\u00e9rtse a szem\u00e9lyes adatok gy\u0171jt\u00e9s\u00e9re, felhaszn\u00e1l\u00e1s\u00e1ra \u00e9s k\u00f6zz\u00e9t\u00e9tel\u00e9re vonatkoz\u00f3 elj\u00e1r\u00e1saikat.<\/div>\n<div><\/div>\n<h3>8. L\u00e9pjen kapcsolatba az Y8.com.vn<\/h3>\n<div><\/div>\n<div>Ha b\u00e1rmilyen k\u00e9rd\u00e9se vagy javaslata van az adatv\u00e9delmi szab\u00e1lyzatunkkal kapcsolatban, l\u00e9pjen kapcsolatba az Y8.com.vn-nel a y8.com.vn@Gmail.com e-mail c\u00edmen.<\/div>\n<\/div>\n<div><\/div>","protected":false},"excerpt":{"rendered":"<p>Ch\u00ednh S\u00e1ch V\u1ec1 Quy\u1ec1n Ri\u00eang T\u01b0 Y8.com.vn Xem Quy\u1ec1n Ri\u00eang T\u01b0 C\u1ee7a B\u1ea1n L\u00e0 V\u1ea5n \u0110\u1ec1 R\u1ea5t Nghi\u00eam T\u00fac. Y8.com.vn Cam K\u1ebft B\u1ea3o V\u1ec7 S\u1ef1 Ri\u00eang T\u01b0 C\u1ee7a B\u1ea1n V\u00e0 Ch\u00ednh S\u00e1ch V\u1ec1 Quy\u1ec1n Ri\u00eang T\u01b0 N\u00e0y Gi\u1ea3i Th\u00edch Vi\u1ec7c Thu Th\u1eadp, S\u1eed D\u1ee5ng V\u00e0 Ti\u1ebft L\u1ed9 D\u1eef Li\u1ec7u C\u1ee7a Ch\u00fang T\u00f4i. Ch\u00ednh S\u00e1ch N\u00e0y [&hellip;]<\/p>","protected":false},"author":141234,"featured_media":0,"parent":0,"menu_order":0,"comment_status":"closed","ping_status":"closed","template":"","meta":{"footnotes":""},"class_list":["post-41879","page","type-page","status-publish","hentry"],"jetpack_sharing_enabled":true,"_links":{"self":[{"href":"https:\/\/y8.com.vn\/hu\/wp-json\/wp\/v2\/pages\/41879","targetHints":{"allow":["GET"]}}],"collection":[{"href":"https:\/\/y8.com.vn\/hu\/wp-json\/wp\/v2\/pages"}],"about":[{"href":"https:\/\/y8.com.vn\/hu\/wp-json\/wp\/v2\/types\/page"}],"author":[{"embeddable":true,"href":"https:\/\/y8.com.vn\/hu\/wp-json\/wp\/v2\/users\/141234"}],"replies":[{"embeddable":true,"href":"https:\/\/y8.com.vn\/hu\/wp-json\/wp\/v2\/comments?post=41879"}],"version-history":[{"count":2,"href":"https:\/\/y8.com.vn\/hu\/wp-json\/wp\/v2\/pages\/41879\/revisions"}],"predecessor-version":[{"id":41881,"href":"https:\/\/y8.com.vn\/hu\/wp-json\/wp\/v2\/pages\/41879\/revisions\/41881"}],"wp:attachment":[{"href":"https:\/\/y8.com.vn\/hu\/wp-json\/wp\/v2\/media?parent=41879"}],"curies":[{"name":"wp","href":"https:\/\/api.w.org\/{rel}","templated":true}]}}