{"id":41876,"date":"2024-04-29T11:32:47","date_gmt":"2024-04-29T04:32:47","guid":{"rendered":"https:\/\/y8.com.vn\/?page_id=41876"},"modified":"2024-05-01T13:07:44","modified_gmt":"2024-05-01T06:07:44","slug":"dieu-khoan-dich-vu","status":"publish","type":"page","link":"https:\/\/y8.com.vn\/hu\/korulmenyek\/","title":{"rendered":"Szolg\u00e1ltat\u00e1s felt\u00e9telei"},"content":{"rendered":"<h1>Szolg\u00e1ltat\u00e1s felt\u00e9telei<\/h1>\n<h2>BEMUTATNI<\/h2>\n<p>K\u00f6sz\u00f6nj\u00fck, hogy ig\u00e9nybe vette szolg\u00e1ltat\u00e1sainkat (\u201eSzolg\u00e1ltat\u00e1saink\u201d). Ez egy online videoj\u00e1t\u00e9k-szolg\u00e1ltat\u00e1s, amelyet a META Online Joint Stock Company fejlesztett \u00e9s biztos\u00edt. Az Y8.com.vn szolg\u00e1ltat\u00e1sok el\u00e9r\u00e9s\u00e9hez fi\u00f3kot kell regisztr\u00e1lnia. Al\u00e1bb tal\u00e1lja szolg\u00e1ltat\u00e1si felt\u00e9teleinket. Szolg\u00e1ltat\u00e1saink haszn\u00e1lat\u00e1val \u00d6n elfogadja ezeket a felt\u00e9teleket. K\u00e9rj\u00fck, figyelmesen olvassa el a felt\u00e9teleket.<\/p>\n<h2>SZOLG\u00c1LTAT\u00c1S FELT\u00c9TELEI<\/h2>\n<h2>I. A FELT\u00c9TELEK ELFOGAD\u00c1SA<\/h2>\n<p>1. Szolg\u00e1ltat\u00e1saink el\u00e9r\u00e9s\u00e9vel vagy haszn\u00e1lat\u00e1val \u00d6n meger\u0151s\u00edti, hogy elfogadja a jelen Szolg\u00e1ltat\u00e1si felt\u00e9teleket. Azt is meger\u0151s\u00edti, hogy legal\u00e1bb 14 \u00e9ves, vagy ha 14 \u00e9vesn\u00e9l fiatalabb, akkor megkapta a sz\u00fcl\u0151 vagy t\u00f6rv\u00e9nyes gy\u00e1m hozz\u00e1j\u00e1rul\u00e1s\u00e1t, aki felel\u0151s az\u00e9rt, hogy megfeleljen a jelen Szolg\u00e1ltat\u00e1si felt\u00e9teleknek .<\/p>\n<p>2. Ezeket a felt\u00e9teleket friss\u00edthetj\u00fck. Itt b\u00e1rmikor megtekintheti az \u00c1ltal\u00e1nos Szerz\u0151d\u00e9si Felt\u00e9telek leg\u00fajabb verzi\u00f3j\u00e1t. A Szolg\u00e1ltat\u00e1sok \u00d6n a Szolg\u00e1ltat\u00e1si felt\u00e9telek m\u00f3dos\u00edt\u00e1sa ut\u00e1ni tov\u00e1bbi haszn\u00e1lata az \u00faj szolg\u00e1ltat\u00e1si felt\u00e9telek elfogad\u00e1s\u00e1t jelenti.<\/p>\n<p>3. \u00d6n felmondhatja szolg\u00e1ltat\u00e1saink haszn\u00e1lat\u00e1t, ha nem v\u00e1llalja a jelen Szolg\u00e1ltat\u00e1si felt\u00e9telek vagy az \u00e1ltalunk meghat\u00e1rozott j\u00f6v\u0151beni szolg\u00e1ltat\u00e1si felt\u00e9telek betart\u00e1s\u00e1t.<\/p>\n<h2>II. FI\u00d3K<\/h2>\n<p>A Szolg\u00e1ltat\u00e1s lehet\u0151v\u00e9 teszi a Felhaszn\u00e1l\u00f3k (&quot;Felhaszn\u00e1l\u00f3k&quot;) sz\u00e1m\u00e1ra, hogy fi\u00f3kot regisztr\u00e1ljanak a Szolg\u00e1ltat\u00e1son online profilok l\u00e9trehoz\u00e1sa \u00e9s friss\u00edt\u00e9se c\u00e9lj\u00e1b\u00f3l az Y8.com.vn oldalon. Minden felhaszn\u00e1l\u00f3 sz\u00e1mos k\u00fcl\u00f6nb\u00f6z\u0151 fi\u00f3kot hozhat l\u00e9tre az Y8.com.vn oldalon e-mailben, telefonsz\u00e1mon, Facebookon vagy Google-on kereszt\u00fcl bejelentkez\u00e9si \u0171rlapok haszn\u00e1lat\u00e1val.<\/p>\n<h2>III. REGISZTR\u00c1CI\u00d3<\/h2>\n<p>1. Az Y8.com.vn webhelyen ny\u00fajtott szolg\u00e1ltat\u00e1sok el\u00e9r\u00e9s\u00e9hez \u00e9s haszn\u00e1lat\u00e1hoz a felhaszn\u00e1l\u00f3knak tagk\u00e9nt kell regisztr\u00e1lniuk az Y8.com.vn webhelyen. A regisztr\u00e1ci\u00f3s \u0171rlap kit\u00f6lt\u00e9s\u00e9hez sz\u00fcks\u00e9ges adatok a k\u00f6vetkez\u0151k: teljes n\u00e9v, sz\u00fclet\u00e9si d\u00e1tum, E-mail, kapcsolattart\u00f3 telefonsz\u00e1m, c\u00edm, szem\u00e9lyi igazolv\u00e1ny, \u00fatlev\u00e9l vagy szem\u00e9lyi igazolv\u00e1ny... A tagok kiz\u00e1r\u00f3lagos felel\u0151ss\u00e9get v\u00e1llalnak az Y8.com.vn webhelyen ny\u00fajtott inform\u00e1ci\u00f3k\u00e9rt.<\/p>\n<p>2. \u00d6n felel\u0151s jelszava \u00e9s fi\u00f3kja titkoss\u00e1g\u00e1nak meg\u0151rz\u00e9s\u00e9\u00e9rt, \u00e9s teljes m\u00e9rt\u00e9kben felel\u0151s minden, a fi\u00f3k alatt v\u00e9gzett tev\u00e9kenys\u00e9g\u00e9rt. Minden fi\u00f3kot priv\u00e1t m\u00f3don kell haszn\u00e1lni, \u00e9s nem ruh\u00e1zhat\u00f3k \u00e1t. Egyet\u00e9rt:<\/p>\n<p>2.1. Haszn\u00e1lja szem\u00e9lyesen fi\u00f3kj\u00e1t, \u00e9s ne ossza meg m\u00e1sokkal.<\/p>\n<p>2.2. Halad\u00e9ktalanul \u00e9rtes\u00edtsen benn\u00fcnket \u00edr\u00e1sban jelszava vagy fi\u00f3kja illet\u00e9ktelen haszn\u00e1lat\u00e1r\u00f3l, illetve a biztons\u00e1g b\u00e1rmely m\u00e1s megs\u00e9rt\u00e9s\u00e9r\u0151l.<\/p>\n<p>2.3. Igaz, pontos, naprak\u00e9sz \u00e9s teljes k\u00f6r\u0171 adatokat adjon meg mag\u00e1r\u00f3l a Szolg\u00e1ltat\u00e1s regisztr\u00e1ci\u00f3s \u0171rlapon tal\u00e1lhat\u00f3 utas\u00edt\u00e1sok szerint.<\/p>\n<p>2.4. Karbantartsa \u00e9s friss\u00edtse a regisztr\u00e1ci\u00f3s adatokat, hogy azok igazak, pontosak, naprak\u00e9szek \u00e9s teljesek legyenek.<\/p>\n<p>3. Ha \u00d6n 14 \u00e9vesn\u00e9l fiatalabb, a t\u00f6rv\u00e9nyes gy\u00e1m enged\u00e9ly\u00e9re van sz\u00fcks\u00e9ge ahhoz, hogy fi\u00f3kot regisztr\u00e1lhasson \u00d6nnek.<\/p>\n<h2>IV. INFORM\u00c1CI\u00d3BIZTONS\u00c1GI POLITIKA<\/h2>\n<p>1. A regisztr\u00e1ci\u00f3s adatokra \u00e9s az \u00d6nnel kapcsolatos bizonyos egy\u00e9b inform\u00e1ci\u00f3kra adatv\u00e9delmi ir\u00e1nyelveink vonatkoznak, amelyek felt\u00e9telei hivatkoz\u00e1sk\u00e9nt szerepelnek a jelen Szolg\u00e1ltat\u00e1si felt\u00e9telekben. A profilj\u00e1ban megoszthat\u00f3 szem\u00e9lyes adatok meghat\u00e1roz\u00e1sa az \u00d6n bel\u00e1t\u00e1sa \u00e9s felel\u0151ss\u00e9ge. A Szolg\u00e1ltat\u00e1sokra val\u00f3 feliratkoz\u00e1ssal \u00d6n elfogadja a jelen Szolg\u00e1ltat\u00e1si felt\u00e9telek felt\u00e9teleit, \u00e9s kifejezi meg\u00e9rt\u00e9s\u00e9t \u00e9s beleegyez\u00e9s\u00e9t az Adatv\u00e9delmi szab\u00e1lyzatban le\u00edrt inform\u00e1ci\u00f3k gy\u0171jt\u00e9s\u00e9hez, felhaszn\u00e1l\u00e1s\u00e1hoz \u00e9s k\u00f6zz\u00e9t\u00e9tel\u00e9hez Adatv\u00e9delmi jogaink.<\/p>\n<h2>V. FELHASZN\u00c1L\u00d3I TARTALOM \u00c9S VISELKED\u00c9S A SZOLG\u00c1LTAT\u00c1SON<\/h2>\n<p>1. A szolg\u00e1ltat\u00e1s egyes r\u00e9szei lehet\u0151v\u00e9 teszik, hogy felt\u00f6lts\u00f6n szolg\u00e1ltat\u00e1sunkba, bele\u00e9rtve a tagok regisztr\u00e1ci\u00f3s inform\u00e1ci\u00f3i szakasz\u00e1ban tal\u00e1lhat\u00f3 inform\u00e1ci\u00f3kat, p\u00e9ld\u00e1ul n\u00e9v, avatar, e-mail, telefonsz\u00e1m,... A felhaszn\u00e1l\u00f3k \u00e1ltal k\u00f6zz\u00e9tett, felt\u00f6lt\u00f6tt \u00e9s e-mailben k\u00fcld\u00f6tt \u00f6sszes inform\u00e1ci\u00f3s h\u00edr a tulajdonjog \u00e9s a Felhaszn\u00e1l\u00f3 felel\u0151ss\u00e9ge. Az Y8.com.vn nem v\u00e1llal felel\u0151ss\u00e9get a felhaszn\u00e1l\u00f3k \u00e1ltal a szolg\u00e1ltat\u00e1son kereszt\u00fcl felt\u00f6lt\u00f6tt, k\u00f6zz\u00e9tett, e-mailben, tov\u00e1bb\u00edtott vagy el\u00e9rhet\u0151v\u00e9 tett tartalom\u00e9rt, \u00e9s nem garant\u00e1lja az ilyen tartalom pontoss\u00e1g\u00e1t, integrit\u00e1s\u00e1t vagy min\u0151s\u00e9gi mennyis\u00e9g\u00e9t.<\/p>\n<p>2. \u00d6n elfogadja, hogy az Y8.com.vn nem figyeli a felhaszn\u00e1l\u00f3i tartalmat, de az Y8.com.vn-nek joga lesz (de nem k\u00f6teles) megtagadni, \u00e1thelyezni vagy t\u00f6r\u00f6lni minden olyan felhaszn\u00e1l\u00f3i tartalmat, amely s\u00e9rti a szolg\u00e1ltat\u00e1si felt\u00e9teleket vagy Y8.com.vn v\u00e9lem\u00e9nye) \u00c9rv\u00e9nytelen.<\/p>\n<p>3. Az Y8.com.vn nem tart ig\u00e9nyt a felhaszn\u00e1l\u00f3i tartalom tulajdonjog\u00e1ra. A Felhaszn\u00e1l\u00f3i tartalom szolg\u00e1ltat\u00e1sba t\u00f6rt\u00e9n\u0151 elk\u00fcld\u00e9s\u00e9vel \u00d6n a Y8.com.vn-nek vil\u00e1gszerte jogd\u00edjmentes \u00e9s kiz\u00e1r\u00f3lagos enged\u00e9lyt ad a felhaszn\u00e1l\u00f3i tartalmak reproduk\u00e1l\u00e1s\u00e1ra, m\u00f3dos\u00edt\u00e1s\u00e1ra \u00e9s k\u00f6zz\u00e9t\u00e9tel\u00e9re.<\/p>\n<p>4. \u00d6n beleegyezik abba, hogy gondosan, megfelel\u0151en \u00e9s jogszer\u0171en haszn\u00e1lja a szolg\u00e1ltat\u00e1st, \u00e9s gondoskodik arr\u00f3l, hogy ne s\u00e9rtse meg az alkalmazand\u00f3 nemzeti vagy nemzetk\u00f6zi t\u00f6rv\u00e9nyeket vagy harmadik felek b\u00e1rmely jog\u00e1t (bele\u00e9rtve a v\u00e9djegyet, az \u00fczleti titkot, a szerz\u0151i jogot vagy m\u00e1s tulajdonjogot). \u00d6n k\u00fcl\u00f6n\u00f6sen v\u00e1llalja, hogy nem haszn\u00e1lja a Szolg\u00e1ltat\u00e1st:<\/p>\n<p>4.1. B\u00e1rmilyen jogellenes, k\u00e1ros, fenyeget\u0151, s\u00e9rt\u0151, zaklat\u00f3, r\u00e1galmaz\u00f3, politikai, vall\u00e1sos, vulg\u00e1ris, obszc\u00e9n, r\u00e1galmaz\u00f3, m\u00e1sok adatv\u00e9delm\u00e9t s\u00e9rt\u0151 tartalom felt\u00f6lt\u00e9se, k\u00f6zz\u00e9t\u00e9tele, megjegyz\u00e9se, e-mailben, tov\u00e1bb\u00edt\u00e1sa vagy m\u00e1s m\u00f3don el\u00e9rhet\u0151v\u00e9 t\u00e9tele, Gy\u0171l\u00f6letkelt\u0151, faji, etnikai vagy s\u00e9rt\u0151;<\/p>\n<p>4.2. B\u00e1rmilyen m\u00f3don \u00e1rt a kiskor\u00faaknak;<\/p>\n<p>4.3. B\u00e1rmely szem\u00e9lynek vagy entit\u00e1snak a megszem\u00e9lyes\u00edt\u00e9se, bele\u00e9rtve, korl\u00e1toz\u00e1s n\u00e9lk\u00fcl, az Y8.com.vn tisztj\u00e9t, kalauz\u00e1t vagy h\u00e1zigazd\u00e1j\u00e1t, vagy hamisan \u00e1ll\u00edtja vagy hamisan bemutatja a kapcsolt v\u00e1llalkoz\u00e1s\u00e1t b\u00e1rmely szem\u00e9llyel vagy szervezettel;<\/p>\n<p>4.4. A szolg\u00e1ltat\u00e1s haszn\u00e1lata egy m\u00e1sik webhely k\u00f6zvet\u00edt\u00e9sek\u00e9nt;<\/p>\n<p>4.5. C\u00edmek hamis\u00edt\u00e1sa vagy a Szolg\u00e1ltat\u00e1son kereszt\u00fcl tov\u00e1bb\u00edtott tartalom megv\u00e1ltoztat\u00e1sa az ilyen tartalom eredet\u00e9nek \u00e1lc\u00e1z\u00e1sa \u00e9rdek\u00e9ben;<\/p>\n<p>4.6. Felt\u00f6lteni, k\u00f6zz\u00e9tenni, e-mailben, tov\u00e1bb\u00edtani vagy m\u00e1s m\u00f3don el\u00e9rhet\u0151v\u00e9 tenni b\u00e1rmely olyan felhaszn\u00e1l\u00f3i tartalmat, amelyet semmilyen t\u00f6rv\u00e9ny vagy szerz\u0151d\u00e9ses vagy bizalmi kapcsolatok alapj\u00e1n nem jogosult el\u00e9rhet\u0151v\u00e9 tenni (p\u00e9ld\u00e1ul bennfentes inform\u00e1ci\u00f3, tulajdonosi \u00e9s bizalmas inform\u00e1ci\u00f3, amely ismert vagy nyilv\u00e1noss\u00e1gra hozott egy Munkaviszony);<\/p>\n<p>4.7. Felt\u00f6lteni, k\u00f6zz\u00e9tenni, e-mailben, tov\u00e1bb\u00edtani vagy m\u00e1s m\u00f3don el\u00e9rhet\u0151v\u00e9 tenni olyan felhaszn\u00e1l\u00f3i tartalmat, amely s\u00e9rti b\u00e1rmely f\u00e9l szellemi tulajdonjogait (a X. pontban meghat\u00e1rozottak szerint) vagy az adatv\u00e9delmi jogait;<\/p>\n<p>5.8. Felt\u00f6lteni, elk\u00fcldeni, e-mailben, tov\u00e1bb\u00edtani vagy m\u00e1s m\u00f3don el\u00e9rhet\u0151v\u00e9 tenni b\u00e1rmely k\u00e9retlen vagy jogosulatlan hirdet\u00e9st, prom\u00f3ci\u00f3s anyagot, \u201espamet\u201d vagy a prom\u00f3ci\u00f3 b\u00e1rmely m\u00e1s form\u00e1j\u00e1t;<\/p>\n<p>4.9. Felt\u00f6lteni, elk\u00fcldeni, e-mailben tov\u00e1bb\u00edtani vagy el\u00e9rhet\u0151v\u00e9 tenni minden olyan anyagot, amely szoftverv\u00edrusokat vagy m\u00e1s sz\u00e1m\u00edt\u00f3g\u00e9pes k\u00f3dot tartalmaz, f\u00e1jlokat vagy programokat, amelyek c\u00e9lja a szoftver, a sz\u00e1m\u00edt\u00f3g\u00e9pes hardver vagy a t\u00e1vk\u00f6zl\u00e9si berendez\u00e9s zavar\u00e1sa, megsemmis\u00edt\u00e9se vagy m\u0171k\u00f6d\u00e9s\u00e9nek korl\u00e1toz\u00e1sa;<\/p>\n<p>4.10. Megzavarja vagy megzavarja a Szolg\u00e1ltat\u00e1sokat vagy a Szolg\u00e1ltat\u00e1sokhoz kapcsol\u00f3d\u00f3 kiszolg\u00e1l\u00f3kat vagy h\u00e1l\u00f3zatokat, vagy nem tartja be a Szolg\u00e1ltat\u00e1sokhoz kapcsol\u00f3d\u00f3 h\u00e1l\u00f3zatokra vonatkoz\u00f3 k\u00f6vetelm\u00e9nyeket, elj\u00e1r\u00e1sokat, szab\u00e1lyzatokat vagy szab\u00e1lyzatokat;<\/p>\n<p>4.11. M\u00e1s felhaszn\u00e1l\u00f3k zaklat\u00e1sa;<\/p>\n<p>4.12. M\u00e1s felhaszn\u00e1l\u00f3k szem\u00e9lyes adatainak gy\u0171jt\u00e9se vagy t\u00e1rol\u00e1sa a fenti szakaszokban meghat\u00e1rozott tiltott cselekm\u00e9nyekkel \u00e9s tev\u00e9kenys\u00e9gekkel kapcsolatban; \u00c9s\/Vagy<\/p>\n<p>4.13. M\u00e1s webhelyek vagy szolg\u00e1ltat\u00e1sok n\u00e9pszer\u0171s\u00edt\u00e9se, amelyek nem kapcsol\u00f3dnak az Y8.com.vn \u00e1ltal ny\u00fajtott szolg\u00e1ltat\u00e1sokhoz.<\/p>\n<p>5. \u00d6n tudom\u00e1sul veszi \u00e9s elfogadja, hogy az Y8.com.vn meg\u0151rizheti a felhaszn\u00e1l\u00f3i tartalmat, \u00e9s felfedheti a felhaszn\u00e1l\u00f3i tartalmat is, ha azt a t\u00f6rv\u00e9ny el\u0151\u00edrja, vagy j\u00f3hiszem\u0171en felt\u00e9telezi, hogy az ilyen meg\u0151rz\u00e9s sz\u00fcks\u00e9ges, vagy az ilyen k\u00f6zz\u00e9t\u00e9tel \u00e9sszer\u0171en sz\u00fcks\u00e9ges: (A) Betart\u00e1sa Jogi elj\u00e1r\u00e1s; (B) a Szolg\u00e1ltat\u00e1si felt\u00e9telek vagy a Fizet\u0151s szolg\u00e1ltat\u00e1sok felt\u00e9teleinek \u00e9rv\u00e9nyes\u00edt\u00e9se; (C) Olyan k\u00f6vetel\u00e9sek megold\u00e1sa, amelyek szerint a felhaszn\u00e1l\u00f3i tartalom s\u00e9rti harmadik felek jogait; Vagy (D) v\u00e9di az Y8.com.vn, Y8.com.vn felhaszn\u00e1l\u00f3k \u00e9s a nyilv\u00e1noss\u00e1g jogait, tulajdon\u00e1t vagy szem\u00e9lyes biztons\u00e1g\u00e1t.<\/p>\n<h2>MERT. HARMADIK F\u00c9L TARTALMA \u00c9S LINKEK HARMADIK F\u00c9L WEBOLDALAIRA<\/h2>\n<p>Az Y8.com.vn tartalmazhat harmadik f\u00e9lt\u0151l sz\u00e1rmaz\u00f3 tartalmat \u00e9s m\u00e1s webhelyekre mutat\u00f3 hivatkoz\u00e1sokat (\u201eHivatkozott webhelyek\u201d). Az Y8.com.vn nem t\u00e1mogat, nem szponzor\u00e1l, nem aj\u00e1nl, \u00e9s nem v\u00e1llal felel\u0151ss\u00e9get semmilyen hivatkozott webhely\u00e9rt. Ezen t\u00falmen\u0151en, a hivatkozott webhelyek nem tartoznak az Y8.com.vn ellen\u0151rz\u00e9se al\u00e1, \u00e9s az Y8.com.vn nem felel\u0151s a Hivatkozott webhelyek tartalm\u00e1\u00e9rt vagy adatv\u00e9delmi gyakorlat\u00e1\u00e9rt, bele\u00e9rtve, de nem kiz\u00e1r\u00f3lagosan a hivatkozott linkeken tal\u00e1lhat\u00f3 hivatkoz\u00e1sokat. Webhely vagy a hivatkozott webhely b\u00e1rmely m\u00f3dos\u00edt\u00e1sa vagy friss\u00edt\u00e9se.<\/p>\n<h2>VII. V\u00c9GE<\/h2>\n<p>1. \u00d6n elfogadja, hogy az Y8.com.vn megsz\u00fcntetheti fi\u00f3kj\u00e1t, ha az Y8.com.vn okkal felt\u00e9telezi, hogy \u00d6n megs\u00e9rtette vagy nem teljes\u00edtette a Szolg\u00e1ltat\u00e1si felt\u00e9teleket. A felmond\u00e1st k\u00f6vet\u0151en az Y8.com.vn t\u00f6r\u00f6lheti \u00e9s elt\u00e1vol\u00edthatja az \u00d6n Felhaszn\u00e1l\u00f3i Tartalm\u00e1t a Szolg\u00e1ltat\u00e1sb\u00f3l.<\/p>\n<p>2. Az Y8.com.vn fenntartja a kiz\u00e1r\u00f3lagos jogot a Szolg\u00e1ltat\u00e1s (vagy annak b\u00e1rmely r\u00e9sze) ideiglenes vagy v\u00e9gleges m\u00f3dos\u00edt\u00e1s\u00e1ra vagy megsz\u00fcntet\u00e9s\u00e9re. \u00d6n elfogadja, hogy az Y8.com.vn nem felel\u0151s \u00d6n\u00e9rt vagy b\u00e1rmely harmadik f\u00e9l fel\u00e9 a szolg\u00e1ltat\u00e1s m\u00f3dos\u00edt\u00e1s\u00e1\u00e9rt vagy le\u00e1ll\u00edt\u00e1s\u00e1\u00e9rt (kiv\u00e9ve a fenti IV. pontban meghat\u00e1rozott hat\u00f3k\u00f6rt). vn \u00e9s olyan Harmadik f\u00e9l.<\/p>\n<h2>VIII. SZELLEMI TULAJDONJOGOK<\/h2>\n<p>1. \u00d6n tudom\u00e1sul veszi \u00e9s elfogadja, hogy a Szolg\u00e1ltat\u00e1shoz kapcsol\u00f3d\u00f3 \u00f6sszes szellemi tulajdonjog, a Szolg\u00e1ltat\u00e1ssal kapcsolatban felhaszn\u00e1lt minden sz\u00fcks\u00e9ges szoftver \u00e9s minden tartalom (bele\u00e9rtve a sz\u00f6veget, vide\u00f3t, hangs\u00e1vokat, k\u00e9peket vagy egy\u00e9b anyagokat...) a szolg\u00e1ltat\u00e1sban tartalmaz A felhaszn\u00e1l\u00f3i tartalom kieg\u00e9sz\u00edt\u00e9se (\u201eTartalom\u201d) Az Y8.com.vn \u00e9s az Y8.com.vn licencad\u00f3ihoz tartozik.<\/p>\n<p>2. \u00d6n beleegyezik, \u00e9s v\u00e1llalja, hogy \u00edr\u00e1sos enged\u00e9ly n\u00e9lk\u00fcl nem haszn\u00e1l vagy m\u00e1sol le semmilyen Tartalmat a Szolg\u00e1ltat\u00e1sban (bele\u00e9rtve a sz\u00f6veget, vide\u00f3t, hangot, k\u00e9peket vagy egy\u00e9b anyagokat...).<\/p>\n<p>3. A szolg\u00e1ltat\u00e1s haszn\u00e1lat\u00e1val \u00d6n k\u00f6telezetts\u00e9get v\u00e1llal arra, hogy:<\/p>\n<p>3. 1. Ne \u00e9rje el a Szolg\u00e1ltat\u00e1st vagy a Tartalmat m\u00e1s m\u00f3don, mint az Y8.com.vn \u00e1ltal a Szolg\u00e1ltat\u00e1s el\u00e9r\u00e9s\u00e9hez biztos\u00edtott fel\u00fcleteken kereszt\u00fcl; Vagy<\/p>\n<p>3. 2. Hacsak az Y8.com.vn vagy a kapcsol\u00f3d\u00f3 harmadik felek (bele\u00e9rtve a harmadik f\u00e9l hirdet\u0151ket is) kifejezetten enged\u00e9lyezik, nem m\u00f3dos\u00edthat\u00f3, b\u00e9relhet\u0151, l\u00edzingelhet\u0151, k\u00f6lcs\u00f6nadhat\u00f3, eladhat\u00f3, terjeszthet\u0151 vagy alkot\u00e1sok nem hozhat\u00f3k l\u00e9tre a szolg\u00e1ltat\u00e1sok alapj\u00e1n, sem eg\u00e9szben, sem azon bel\u00fcl R\u00e9sz.<\/p>\n<h2>IX. KAPCSOLATBA L\u00c9PNI<\/h2>\n<p>1. B\u00e1rmilyen k\u00e9rd\u00e9s\u00e9vel forduljon hozz\u00e1nk, vagy jelentse a jelen Szolg\u00e1ltat\u00e1si felt\u00e9telek megs\u00e9rt\u00e9s\u00e9t az Info@Meta.Vn c\u00edmen.<\/p>\n<p>2. Az Y8.com.vn felveheti \u00d6nnel a kapcsolatot, \u00e9s \u00e9rtes\u00edt\u00e9seket k\u00fcldhet \u00d6nnek, bele\u00e9rtve a jelen Szolg\u00e1ltat\u00e1si felt\u00e9telek v\u00e1ltoz\u00e1saira vonatkoz\u00f3 \u00e9rtes\u00edt\u00e9seket is, e-mailben, telefonon, az \u00e9rtes\u00edt\u00e9sek \u00fajs\u00e1g\u00e1ra t\u00f6rt\u00e9n\u0151 feliratkoz\u00e1ssal.<\/p>","protected":false},"excerpt":{"rendered":"<p>\u0110i\u1ec1u Kho\u1ea3n D\u1ecbch V\u1ee5 GI\u1edaI THI\u1ec6U C\u1ea3m \u01a0n B\u1ea1n S\u1eed D\u1ee5ng D\u1ecbch V\u1ee5 C\u1ee7a Ch\u00fang T\u00f4i (&#8220;D\u1ecbch V\u1ee5&#8221;). \u0110\u00e2y L\u00e0 D\u1ecbch V\u1ee5 Tr\u00f2 Ch\u01a1i \u0110i\u1ec7n T\u1eed Tr\u00ean M\u1ea1ng, \u0110\u01b0\u1ee3c Ph\u00e1t Tri\u1ec3n V\u00e0 Cung C\u1ea5p B\u1edfi C\u00f4ng Ty C\u1ed5 Ph\u1ea7n M\u1ea1ng Tr\u1ef1c Tuy\u1ebfn META. \u0110\u1ec3 Truy C\u1eadp C\u00e1c D\u1ecbch V\u1ee5 C\u1ee7a Y8.com.vn, B\u1ea1n C\u00f3 Th\u1ec3 Ph\u1ea3i [&hellip;]<\/p>","protected":false},"author":141234,"featured_media":0,"parent":0,"menu_order":0,"comment_status":"closed","ping_status":"closed","template":"","meta":{"footnotes":""},"class_list":["post-41876","page","type-page","status-publish","hentry"],"jetpack_sharing_enabled":true,"_links":{"self":[{"href":"https:\/\/y8.com.vn\/hu\/wp-json\/wp\/v2\/pages\/41876","targetHints":{"allow":["GET"]}}],"collection":[{"href":"https:\/\/y8.com.vn\/hu\/wp-json\/wp\/v2\/pages"}],"about":[{"href":"https:\/\/y8.com.vn\/hu\/wp-json\/wp\/v2\/types\/page"}],"author":[{"embeddable":true,"href":"https:\/\/y8.com.vn\/hu\/wp-json\/wp\/v2\/users\/141234"}],"replies":[{"embeddable":true,"href":"https:\/\/y8.com.vn\/hu\/wp-json\/wp\/v2\/comments?post=41876"}],"version-history":[{"count":3,"href":"https:\/\/y8.com.vn\/hu\/wp-json\/wp\/v2\/pages\/41876\/revisions"}],"predecessor-version":[{"id":41921,"href":"https:\/\/y8.com.vn\/hu\/wp-json\/wp\/v2\/pages\/41876\/revisions\/41921"}],"wp:attachment":[{"href":"https:\/\/y8.com.vn\/hu\/wp-json\/wp\/v2\/media?parent=41876"}],"curies":[{"name":"wp","href":"https:\/\/api.w.org\/{rel}","templated":true}]}}