{"id":41879,"date":"2024-04-29T11:37:27","date_gmt":"2024-04-29T04:37:27","guid":{"rendered":"https:\/\/y8.com.vn\/?page_id=41879"},"modified":"2024-04-29T11:38:01","modified_gmt":"2024-04-29T04:38:01","slug":"chinh-sach-bao-mat","status":"publish","type":"page","link":"https:\/\/y8.com.vn\/es\/cobertura-del-libro-de-polizas\/","title":{"rendered":"pol\u00edtica de privacidad"},"content":{"rendered":"<div>\n<h2>pol\u00edtica de privacidad<\/h2>\n<div><\/div>\n<div>Y8.com.vn se toma muy en serio su privacidad. Y8.com.vn se compromete a proteger su privacidad y esta pol\u00edtica de privacidad explica nuestra recopilaci\u00f3n, uso y divulgaci\u00f3n de datos.<\/div>\n<div><\/div>\n<div>Esta pol\u00edtica cubre c\u00f3mo Y8.com.vn maneja la informaci\u00f3n personal que Y8.com.vn recopila y recibe de usted.<\/div>\n<div><\/div>\n<div>Y8.com.vn le proporciona sus servicios (\u201cServicios\u201d) sujeto a los siguientes t\u00e9rminos de servicio y pol\u00edtica de privacidad. Podemos actualizar esta pol\u00edtica de privacidad de vez en cuando. Puede ver la \u00faltima versi\u00f3n de la Pol\u00edtica de Privacidad en cualquier momento aqu\u00ed. Su uso continuado de los Servicios despu\u00e9s de dichos cambios constituir\u00e1 la aceptaci\u00f3n de la nueva Pol\u00edtica de Privacidad.<\/div>\n<div><\/div>\n<h3>1. Recopilaci\u00f3n y Uso de Informaci\u00f3n:<\/h3>\n<div><\/div>\n<div>Cuando se registra para obtener una cuenta de Y8.com.vn, Y8.com.vn recopila informaci\u00f3n personal como nombre de usuario, direcci\u00f3n de correo electr\u00f3nico, fecha de nacimiento, sexo y cualquier otra informaci\u00f3n personal que haya ingresado al servicio, as\u00ed como la imagen de representaci\u00f3n de su cuenta. .<\/div>\n<div><\/div>\n<div>Y8.com.vn utilizar\u00e1 su informaci\u00f3n personal para los siguientes fines generales: (I) para brindarle servicios; (ii) Para responder a sus preguntas y comentarios; (iii) para notificarle por correo electr\u00f3nico (u otros m\u00e9todos electr\u00f3nicos) sobre los servicios; (iv) Para fines estad\u00edsticos y (V) Otros fines que se le especifiquen en el momento de la recopilaci\u00f3n.<\/div>\n<div><\/div>\n<div>Al utilizar el servicio, puede configurar su informaci\u00f3n personal. Y8.com.vn almacena y recopila esta informaci\u00f3n para que Y8.com.vn pueda brindarle servicios personales y funciones b\u00e1sicas.<\/div>\n<div><\/div>\n<div>Tenga en cuenta que si ingresa detalles de pago en el servicio al comprar planes de servicio (suscripciones), Y8.com.vn no recibe ni almacena dicha informaci\u00f3n de pago, ya que dicha informaci\u00f3n la proporciona el proveedor. Nuestros servicios de pago son recibidos, almacenados y utilizados. con el fin de completar transacciones de compra.<\/div>\n<div><\/div>\n<h3>2. Almacenamiento de Informaci\u00f3n Personal:<\/h3>\n<div><\/div>\n<div>La informaci\u00f3n personal del miembro se guardar\u00e1 autom\u00e1ticamente de forma segura en la memoria del servidor del sitio web de Y8.com.vn durante el per\u00edodo de membres\u00eda del miembro en Y8.com.vn y\/o tan pronto como el miembro env\u00ede una solicitud para eliminar informaci\u00f3n personal en Y8.com. Sitio web de vn para contactar el n\u00famero de tel\u00e9fono o correo electr\u00f3nico de la junta de administraci\u00f3n del sitio web Y8.com.vn<\/div>\n<div><\/div>\n<h3>3. Galletas<\/h3>\n<div><\/div>\n<div>Una cookie es una peque\u00f1a cantidad de datos, que a menudo incluye un identificador \u00fanico an\u00f3nimo, enviado a su navegador desde sus dispositivos (computadora o tel\u00e9fono...) y almacenado en su dispositivo. Puede configurar su navegador para aceptar todas las cookies, rechazarlas o notificarle cuando se establezcan cookies. Si desea eliminar alguna cookie que ya est\u00e9 en su dispositivo, consulte las instrucciones de su navegador para determinar la ubicaci\u00f3n del archivo o carpeta que almacena las cookies. Si rechaza todas las cookies, es posible que no pueda utilizar algunas funciones del servicio.<\/div>\n<div><\/div>\n<div>Y8.com.vn permite que otras organizaciones muestren anuncios o proporcionen servicios en algunos de nuestros sitios web para colocar y acceder a sus cookies en su dispositivo. Otras organizaciones deben utilizar cookies sujetas a sus propias pol\u00edticas de privacidad, no a esta pol\u00edtica. Los anunciantes u otras organizaciones no tienen acceso a las cookies de Y8.com.vn.<\/div>\n<div><\/div>\n<h3>4. Divulgaci\u00f3n de informaci\u00f3n personal<\/h3>\n<div><\/div>\n<div>Los miembros aceptan que, en caso de necesidad, las siguientes agencias\/organizaciones\/individuos tienen derecho a acceder y recopilar su informaci\u00f3n personal, incluidos:<\/div>\n<div><\/div>\n<div>Junta de gesti\u00f3n del sitio web Y8.com.vn; Los terceros tienen servicios integrados en el sitio web Y8.com.vn; Organismo Estatal competente en caso de solicitud seg\u00fan lo establecido en el Reglamento Operativo.<\/div>\n<div><\/div>\n<h3>5. Anuncios de terceros<\/h3>\n<div><\/div>\n<div>Y8.com.vn muestra anuncios seleccionados sobre informaci\u00f3n personal. Y8.com.vn no proporciona ninguna informaci\u00f3n personal a los anunciantes cuando usted interact\u00faa con los anuncios o los ve. Sin embargo, al interactuar o ver un Anuncio, usted acepta la posibilidad de que el Anunciante asuma que usted cumple con los criterios de orientaci\u00f3n utilizados para mostrar el anuncio. Tambi\u00e9n podemos hacerle publicidad en nombre de uno o m\u00e1s terceros, pero en tales casos no compartiremos su direcci\u00f3n de correo electr\u00f3nico u otra informaci\u00f3n personal con esos terceros.<\/div>\n<div><\/div>\n<h3>6. Confidencialidad y Seguridad<\/h3>\n<div><\/div>\n<div>Tomaremos medidas para proteger los datos personales utilizando protecciones de seguridad est\u00e1ndar razonables, contra p\u00e9rdida o robo, as\u00ed como acceso, divulgaci\u00f3n, copia, uso o modificaci\u00f3n no autorizados.<\/div>\n<div><\/div>\n<div>Solo usted y nosotros podemos ver sus datos personales protegidos por contrase\u00f1as y otros m\u00e9todos seg\u00fan lo establecido en esta Pol\u00edtica de privacidad. Usted acepta mantener la(s) contrase\u00f1a(s) confidencial(es) y no revelarla(s) a ninguna otra persona, ni permitir que su contrase\u00f1a sea revelada.<\/div>\n<div><\/div>\n<div>Y8.com.vn tiene medidas de seguridad para cumplir con las regulaciones para proteger su informaci\u00f3n personal. Sin embargo, la transmisi\u00f3n de datos a trav\u00e9s de Internet no garantiza la seguridad 100%. Por lo tanto, Y8.com.vn no puede garantizar ni comprometerse con la seguridad de la informaci\u00f3n que usted transmita a Y8.com.vn. En particular, al acceder y utilizar el Servicio, lo hace bajo su propio riesgo y es responsable de restringir el acceso a su computadora y garantizar que su computadora est\u00e9 libre de todo tipo de c\u00f3digo malicioso, software esp\u00eda, virus, troyanos, etc. que puedan rastrear Cualquier dato que ingrese en el servicio, incluidas direcciones de correo electr\u00f3nico e informaci\u00f3n relacionada con el pago. No somos responsables de ninguna p\u00e9rdida o da\u00f1o que surja del incumplimiento de esta secci\u00f3n por parte del usuario.<\/div>\n<div><\/div>\n<div>Sin embargo, cuando paga por servicios pagos, Y8.com.vn utiliza proveedores de servicios de pago seguro para garantizar que sus pagos sean seguros.<\/div>\n<div><\/div>\n<h3>7. Sitios web de terceros<\/h3>\n<div><\/div>\n<div>En la medida en que el Servicio se vincule a otros sitios web, esos otros sitios web no operan seg\u00fan esta Pol\u00edtica de Privacidad. Y8.com.vn le recomienda consultar las declaraciones de privacidad publicadas en esos otros sitios web para comprender sus procedimientos de recopilaci\u00f3n, uso y divulgaci\u00f3n de informaci\u00f3n personal.<\/div>\n<div><\/div>\n<h3>8. P\u00f3ngase en contacto con Y8.com.vn<\/h3>\n<div><\/div>\n<div>Si tiene alguna pregunta o sugerencia con respecto a nuestra pol\u00edtica de privacidad, puede comunicarse con Y8.com.vn por correo electr\u00f3nico a y8.com.vn@Gmail.Com.<\/div>\n<\/div>\n<div><\/div>","protected":false},"excerpt":{"rendered":"<p>Ch\u00ednh S\u00e1ch V\u1ec1 Quy\u1ec1n Ri\u00eang T\u01b0 Y8.com.vn Xem Quy\u1ec1n Ri\u00eang T\u01b0 C\u1ee7a B\u1ea1n L\u00e0 V\u1ea5n \u0110\u1ec1 R\u1ea5t Nghi\u00eam T\u00fac. Y8.com.vn Cam K\u1ebft B\u1ea3o V\u1ec7 S\u1ef1 Ri\u00eang T\u01b0 C\u1ee7a B\u1ea1n V\u00e0 Ch\u00ednh S\u00e1ch V\u1ec1 Quy\u1ec1n Ri\u00eang T\u01b0 N\u00e0y Gi\u1ea3i Th\u00edch Vi\u1ec7c Thu Th\u1eadp, S\u1eed D\u1ee5ng V\u00e0 Ti\u1ebft L\u1ed9 D\u1eef Li\u1ec7u C\u1ee7a Ch\u00fang T\u00f4i. Ch\u00ednh S\u00e1ch N\u00e0y [&hellip;]<\/p>","protected":false},"author":141234,"featured_media":0,"parent":0,"menu_order":0,"comment_status":"closed","ping_status":"closed","template":"","meta":{"footnotes":""},"class_list":["post-41879","page","type-page","status-publish","hentry"],"jetpack_sharing_enabled":true,"_links":{"self":[{"href":"https:\/\/y8.com.vn\/es\/wp-json\/wp\/v2\/pages\/41879","targetHints":{"allow":["GET"]}}],"collection":[{"href":"https:\/\/y8.com.vn\/es\/wp-json\/wp\/v2\/pages"}],"about":[{"href":"https:\/\/y8.com.vn\/es\/wp-json\/wp\/v2\/types\/page"}],"author":[{"embeddable":true,"href":"https:\/\/y8.com.vn\/es\/wp-json\/wp\/v2\/users\/141234"}],"replies":[{"embeddable":true,"href":"https:\/\/y8.com.vn\/es\/wp-json\/wp\/v2\/comments?post=41879"}],"version-history":[{"count":2,"href":"https:\/\/y8.com.vn\/es\/wp-json\/wp\/v2\/pages\/41879\/revisions"}],"predecessor-version":[{"id":41881,"href":"https:\/\/y8.com.vn\/es\/wp-json\/wp\/v2\/pages\/41879\/revisions\/41881"}],"wp:attachment":[{"href":"https:\/\/y8.com.vn\/es\/wp-json\/wp\/v2\/media?parent=41879"}],"curies":[{"name":"wp","href":"https:\/\/api.w.org\/{rel}","templated":true}]}}