{"id":41876,"date":"2024-04-29T11:32:47","date_gmt":"2024-04-29T04:32:47","guid":{"rendered":"https:\/\/y8.com.vn\/?page_id=41876"},"modified":"2024-05-01T13:07:44","modified_gmt":"2024-05-01T06:07:44","slug":"dieu-khoan-dich-vu","status":"publish","type":"page","link":"https:\/\/y8.com.vn\/es\/condiciones\/","title":{"rendered":"T\u00e9rminos de servicio"},"content":{"rendered":"<h1>T\u00e9rminos de servicio<\/h1>\n<h2>INTRODUCIR<\/h2>\n<p>Gracias por utilizar nuestros servicios (\u201cServicios\u201d). Este es un servicio de videojuegos en l\u00ednea, desarrollado y proporcionado por META Online Joint Stock Company. Para acceder a los servicios de Y8.com.vn, es posible que deba registrar una cuenta. A continuaci\u00f3n se detallan nuestros t\u00e9rminos de servicio. Al utilizar nuestros servicios, usted acepta estos t\u00e9rminos. Lea atentamente los t\u00e9rminos.<\/p>\n<h2>T\u00c9RMINOS DE SERVICIO<\/h2>\n<h2>I. ACEPTACI\u00d3N DE LAS CONDICIONES<\/h2>\n<p>1. Al acceder o utilizar nuestros servicios, usted confirma que acepta estar sujeto a estos T\u00e9rminos de servicio. Tambi\u00e9n confirma que tiene al menos 14 a\u00f1os de edad o, si es menor de 14 a\u00f1os, tiene el consentimiento de sus padres o tutor legal, quienes ser\u00e1n responsables de su cumplimiento de estos T\u00e9rminos de servicio.<\/p>\n<p>2. Nosotros podemos actualizar estos t\u00e9rminos. Puede ver la \u00faltima versi\u00f3n de los T\u00e9rminos de servicio en cualquier momento aqu\u00ed. Su uso continuo de los servicios despu\u00e9s de que realicemos cualquier cambio en los T\u00e9rminos de servicio representa su aceptaci\u00f3n de los nuevos T\u00e9rminos de servicio.<\/p>\n<p>3. Puede cancelar el uso de nuestros servicios si no acepta cumplir con estos T\u00e9rminos de servicio o cualquier t\u00e9rmino de servicio futuro establecido por nosotros.<\/p>\n<h2>II. CUENTA<\/h2>\n<p>El Servicio permite a los Usuarios (\u201cUsuarios\u201d) registrar una cuenta en el Servicio para crear y actualizar perfiles en l\u00ednea en Y8.com.vn. Cada usuario puede crear muchas cuentas diferentes en Y8.com.vn utilizando formularios de inicio de sesi\u00f3n por correo electr\u00f3nico, n\u00famero de tel\u00e9fono, Facebook o Google.<\/p>\n<h2>III. REGISTRO<\/h2>\n<p>1. Para acceder y utilizar los servicios proporcionados en el sitio web Y8.com.vn, es posible que se solicite a los usuarios que se registren como miembros en el sitio web Y8.com.vn. La informaci\u00f3n requerida para completar el formulario de registro de miembro incluye: nombre completo, fecha de nacimiento , Correo electr\u00f3nico, Tel\u00e9fono de contacto, Direcci\u00f3n, DNI, Pasaporte o DNI... Los miembros son los \u00fanicos responsables de la informaci\u00f3n proporcionada. El sitio web Y8.com.vn no asume ninguna responsabilidad u obligaci\u00f3n respecto de la informaci\u00f3n proporcionada por los miembros.<\/p>\n<p>2. Usted es responsable de mantener la confidencialidad de su contrase\u00f1a y cuenta, y es totalmente responsable de todas las actividades que ocurran en esa cuenta. Cada cuenta debe usarse de forma privada y no es transferible. Usted est\u00e1 de acuerdo:<\/p>\n<p>2.1. Utilice su cuenta personalmente y no la comparta con otras personas.<\/p>\n<p>2.2. Notificarnos inmediatamente por escrito sobre cualquier uso no autorizado de su contrase\u00f1a o cuenta o cualquier otra violaci\u00f3n de seguridad.<\/p>\n<p>2.3. Proporcionar informaci\u00f3n verdadera, precisa, actualizada y completa sobre usted de acuerdo con las instrucciones del Formulario de Registro del Servicio.<\/p>\n<p>2.4. Mantener y actualizar los datos de registro para garantizar que sean verdaderos, precisos, actualizados y completos.<\/p>\n<p>3. Si tiene menos de 14 a\u00f1os, necesita el permiso de su tutor legal para registrar una cuenta.<\/p>\n<h2>IV. POL\u00cdTICA DE SEGURIDAD DE LA INFORMACI\u00d3N<\/h2>\n<p>1. Los datos de registro y otra informaci\u00f3n sobre usted est\u00e1n sujetos a nuestra pol\u00edtica de privacidad, cuyos t\u00e9rminos se incorporan por referencia a estos T\u00e9rminos de servicio. Determinar qu\u00e9 datos personales pueden compartirse en su perfil queda a su discreci\u00f3n y responsabilidad. Al suscribirse a los Servicios, usted acepta los t\u00e9rminos de estos T\u00e9rminos de servicio e indica su comprensi\u00f3n y consentimiento para la recopilaci\u00f3n, el uso y la divulgaci\u00f3n de la informaci\u00f3n descrita en la Pol\u00edtica de privacidad Nuestros derechos de privacidad.<\/p>\n<h2>V. CONTENIDO Y COMPORTAMIENTO DEL USUARIO EN EL SERVICIO<\/h2>\n<p>1. Algunas partes del servicio le permiten cargar nuestro servicio, incluida informaci\u00f3n en la secci\u00f3n de informaci\u00f3n de registro de miembros, como nombre, avatar, correo electr\u00f3nico, n\u00famero de tel\u00e9fono,... Toda la informaci\u00f3n, las noticias publicadas, cargadas y enviadas por correo electr\u00f3nico por los usuarios son propiedad y Responsabilidad del Usuario. Y8.com.vn no es responsable de ning\u00fan contenido que los usuarios carguen, publiquen, env\u00eden por correo electr\u00f3nico, transmitan o pongan a disposici\u00f3n a trav\u00e9s del servicio y no garantiza la exactitud, integridad o calidad de dicho contenido.<\/p>\n<p>2. Acepta que Y8.com.vn no supervisa el contenido del usuario, pero Y8.com.vn tendr\u00e1 el derecho (pero no la obligaci\u00f3n) de rechazar, mover o eliminar cualquier contenido del usuario que viole los T\u00e9rminos de servicio o (en La opini\u00f3n de Y8.com.vn) no es v\u00e1lida.<\/p>\n<p>3. Y8.com.vn no reclama la propiedad del contenido del usuario. Al enviar contenido de usuario al servicio, usted otorga a Y8.com.vn una licencia mundial, libre de regal\u00edas y exclusiva para reproducir, modificar y publicar contenido de usuario.<\/p>\n<p>4. Acepta utilizar el servicio de forma cuidadosa, adecuada y legal y asegurarse de no violar las leyes nacionales o internacionales aplicables ni ning\u00fan derecho de terceros (incluidos tambi\u00e9n marcas comerciales, secretos comerciales, derechos de autor u otros derechos de propiedad). En particular, acepta no utilizar el servicio para:<\/p>\n<p>4.1. Cargar, publicar, comentar, enviar por correo electr\u00f3nico, transmitir o poner a disposici\u00f3n de otro modo cualquier Contenido de usuario que sea ilegal, da\u00f1ino, amenazante, abusivo, acosador, difamatorio, pol\u00edtico, religioso, que contenga contenido vulgar, obsceno, calumnioso, que invada la privacidad de otros, Odioso, racial, \u00e9tnico u ofensivo;<\/p>\n<p>4.2. Da\u00f1ar a menores de cualquier manera;<\/p>\n<p>4.3. Hacerse pasar por cualquier persona o entidad, incluido, entre otros, un funcionario, gu\u00eda o anfitri\u00f3n de Y8.com.vn, o declarar falsamente o tergiversar su afiliaci\u00f3n con cualquier persona o entidad;<\/p>\n<p>4.4. Usar el Servicio como servicio de retransmisi\u00f3n a otro sitio web;<\/p>\n<p>4.5. falsificar t\u00edtulos o alterar el contenido transmitido a trav\u00e9s del servicio para disfrazar el origen de dicho contenido;<\/p>\n<p>4.6. Cargar, publicar, enviar por correo electr\u00f3nico, transmitir o poner a disposici\u00f3n de otro modo cualquier Contenido de usuario que no tenga derecho a poner a disposici\u00f3n en virtud de ninguna ley o de relaciones contractuales o fiduciarias (como informaci\u00f3n privilegiada, informaci\u00f3n de propiedad exclusiva y confidencial conocida o divulgada como parte de un Relaci\u00f3n laboral);<\/p>\n<p>4.7. Cargar, publicar, enviar por correo electr\u00f3nico, transmitir o poner a disposici\u00f3n de otro modo Contenido de usuario que viole los Derechos de propiedad intelectual (seg\u00fan lo establecido en la Cl\u00e1usula X) o los Derechos de privacidad de cualquiera de las Partes;<\/p>\n<p>5.8. Cargar, publicar, enviar por correo electr\u00f3nico, transmitir o de otro modo poner a disposici\u00f3n cualquier publicidad no solicitada o no autorizada, materiales promocionales, &quot;spam&quot; o cualquier otra forma de promoci\u00f3n;<\/p>\n<p>4.9. cargar, publicar, enviar por correo electr\u00f3nico, transmitir o poner a disposici\u00f3n cualquier material que contenga virus de software u otros c\u00f3digos inform\u00e1ticos, archivos o programas dise\u00f1ados para interferir, destruir o limitar la funcionalidad del software, hardware inform\u00e1tico o equipo de telecomunicaciones;<\/p>\n<p>4.10. Interferir o interrumpir los Servicios o Servidores o Redes conectadas a los Servicios, o no cumplir con cualquier requisito, procedimiento, pol\u00edtica o regulaci\u00f3n de las redes conectadas a los Servicios;<\/p>\n<p>4.11. Acosar a otros usuarios;<\/p>\n<p>4.12. Recopilar o almacenar datos personales de otros usuarios en relaci\u00f3n con los actos y actividades prohibidos establecidos en las secciones anteriores; y\/o<\/p>\n<p>4.13. Promoci\u00f3n de otros sitios web o servicios no relacionados con los servicios proporcionados por Y8.com.vn.<\/p>\n<p>5. Usted reconoce y acepta que Y8.com.vn puede retener contenido del usuario y tambi\u00e9n puede revelar contenido del usuario seg\u00fan lo exige la ley o si cree de buena fe que dicha retenci\u00f3n es necesaria o que dicha divulgaci\u00f3n es razonablemente necesaria para: (A) Cumplir con. Proceso legal; (B) Hacer cumplir los T\u00e9rminos de servicio o los T\u00e9rminos de los servicios pagos; (C) Resoluci\u00f3n de Reclamaciones de que el Contenido del Usuario Viola los Derechos de Terceros; O (D) Proteger los derechos, la propiedad o la seguridad personal de Y8.com.vn, los usuarios de Y8.com.vn y el p\u00fablico.<\/p>\n<h2>PORQUE. CONTENIDO DE TERCEROS Y ENLACES A SITIOS WEB DE TERCEROS<\/h2>\n<p>Y8.com.vn puede contener contenido de terceros y enlaces a otros sitios web (&quot;Sitios web vinculados&quot;). Y8.com.vn no respalda, patrocina, recomienda ni acepta responsabilidad por ning\u00fan sitio vinculado. Adem\u00e1s, los Sitios vinculados no est\u00e1n bajo el control de Y8.com.vn, y Y8.com.vn no es responsable del contenido o las pr\u00e1cticas de privacidad de los Sitios vinculados, incluidos, entre otros, los T\u00e9rminos, Enlaces contenidos en un Sitio vinculado Sitio o cualquier cambio o actualizaci\u00f3n de un sitio vinculado.<\/p>\n<h2>VII. FIN<\/h2>\n<p>1. Usted acepta que Y8.com.vn puede cancelar su cuenta cuando Y8.com.vn tenga motivos para creer que ha violado o no ha cumplido con los T\u00e9rminos de servicio. Luego de dicha terminaci\u00f3n, Y8.com.vn puede eliminar y eliminar cualquier contenido de usuario del Servicio.<\/p>\n<p>2. Y8.com.vn se reserva el derecho exclusivo de modificar o discontinuar, temporal o permanentemente, el Servicio (o cualquier parte del mismo) en cualquier momento. Usted acepta que Y8.com.vn no es responsable ante usted ni ante ning\u00fan tercero por modificar o interrumpir el servicio (excepto en el alcance especificado en la Cl\u00e1usula IV anterior, ya que las tarifas por servicios son pagaderas), a menos que Y8.com acuerde lo contrario. vn y dichos terceros.<\/p>\n<h2>VIII. DERECHOS DE PROPIEDAD INTELECTUAL<\/h2>\n<p>1. Usted reconoce y acepta que todos los derechos de propiedad intelectual del servicio, cualquier software necesario utilizado en conexi\u00f3n con el servicio y todo el contenido (incluidos texto, v\u00eddeo, barras de audio, im\u00e1genes u otros materiales...) contenidos en el servicio en Adem\u00e1s del Contenido del usuario (\u201cContenido\u201d) pertenece a Y8.com.vn y a los Licenciantes de Y8.com.vn.<\/p>\n<p>2. Usted acepta y se compromete a no utilizar ni copiar ning\u00fan Contenido del Servicio (incluido texto, video, audio, im\u00e1genes u otros materiales...) sin un permiso por escrito.<\/p>\n<p>3. Al utilizar el Servicio, usted se compromete a que:<\/p>\n<p>3. 1. No acceda al Servicio o Contenido por ning\u00fan medio que no sea a trav\u00e9s de las Interfaces proporcionadas por Y8.com.vn para acceder al Servicio; O<\/p>\n<p>3. 2. A menos que Y8.com.vn o terceros relacionados (incluidos anunciantes externos) lo autoricen expresamente, no se podr\u00e1n modificar, alquilar, arrendar, prestar, vender, distribuir ni crear obras basadas en los servicios, en su totalidad o en su totalidad. Parte.<\/p>\n<h2>IX. CONTACTO<\/h2>\n<p>1. Comun\u00edquese con nosotros si tiene alguna pregunta o para informar cualquier violaci\u00f3n de estos T\u00e9rminos de servicio en Info@Meta.Vn.<\/p>\n<p>2. Y8.com.vn puede comunicarse con usted y enviarle avisos, incluidos avisos sobre cambios en estos T\u00e9rminos de servicio, por correo electr\u00f3nico o por tel\u00e9fono registr\u00e1ndose para recibir notificaciones del peri\u00f3dico.<\/p>","protected":false},"excerpt":{"rendered":"<p>\u0110i\u1ec1u Kho\u1ea3n D\u1ecbch V\u1ee5 GI\u1edaI THI\u1ec6U C\u1ea3m \u01a0n B\u1ea1n S\u1eed D\u1ee5ng D\u1ecbch V\u1ee5 C\u1ee7a Ch\u00fang T\u00f4i (&#8220;D\u1ecbch V\u1ee5&#8221;). \u0110\u00e2y L\u00e0 D\u1ecbch V\u1ee5 Tr\u00f2 Ch\u01a1i \u0110i\u1ec7n T\u1eed Tr\u00ean M\u1ea1ng, \u0110\u01b0\u1ee3c Ph\u00e1t Tri\u1ec3n V\u00e0 Cung C\u1ea5p B\u1edfi C\u00f4ng Ty C\u1ed5 Ph\u1ea7n M\u1ea1ng Tr\u1ef1c Tuy\u1ebfn META. \u0110\u1ec3 Truy C\u1eadp C\u00e1c D\u1ecbch V\u1ee5 C\u1ee7a Y8.com.vn, B\u1ea1n C\u00f3 Th\u1ec3 Ph\u1ea3i [&hellip;]<\/p>","protected":false},"author":141234,"featured_media":0,"parent":0,"menu_order":0,"comment_status":"closed","ping_status":"closed","template":"","meta":{"footnotes":""},"class_list":["post-41876","page","type-page","status-publish","hentry"],"jetpack_sharing_enabled":true,"_links":{"self":[{"href":"https:\/\/y8.com.vn\/es\/wp-json\/wp\/v2\/pages\/41876","targetHints":{"allow":["GET"]}}],"collection":[{"href":"https:\/\/y8.com.vn\/es\/wp-json\/wp\/v2\/pages"}],"about":[{"href":"https:\/\/y8.com.vn\/es\/wp-json\/wp\/v2\/types\/page"}],"author":[{"embeddable":true,"href":"https:\/\/y8.com.vn\/es\/wp-json\/wp\/v2\/users\/141234"}],"replies":[{"embeddable":true,"href":"https:\/\/y8.com.vn\/es\/wp-json\/wp\/v2\/comments?post=41876"}],"version-history":[{"count":3,"href":"https:\/\/y8.com.vn\/es\/wp-json\/wp\/v2\/pages\/41876\/revisions"}],"predecessor-version":[{"id":41921,"href":"https:\/\/y8.com.vn\/es\/wp-json\/wp\/v2\/pages\/41876\/revisions\/41921"}],"wp:attachment":[{"href":"https:\/\/y8.com.vn\/es\/wp-json\/wp\/v2\/media?parent=41876"}],"curies":[{"name":"wp","href":"https:\/\/api.w.org\/{rel}","templated":true}]}}