{"id":41886,"date":"2024-04-29T11:45:15","date_gmt":"2024-04-29T04:45:15","guid":{"rendered":"https:\/\/y8.com.vn\/?page_id=41886"},"modified":"2024-04-29T11:45:15","modified_gmt":"2024-04-29T04:45:15","slug":"lien-he","status":"publish","type":"page","link":"https:\/\/y8.com.vn\/en\/lien-he\/","title":{"rendered":"Contact"},"content":{"rendered":"<p>1. Please contact us with any questions or to report any violations of these Terms of Service at Y8.com.vn<span class=\"\"><span class=\"\"><span class=\"\"><span class=\"\">@<\/span><\/span><\/span><\/span>gmail.com.<\/p>\n<p>2. Y8.com.vn may contact you and send you notices, including notices related to changes in these Terms of Service, via email or phone by signing up to receive notifications. newspaper.<\/p>\n<p>Updated April 29, 2024<\/p>","protected":false},"excerpt":{"rendered":"<p>1. H\u00e3y li\u00ean l\u1ea1c v\u1edbi ch\u00fang t\u00f4i khi c\u00f3 b\u1ea5t k\u1ef3 th\u1eafc m\u1eafc ho\u1eb7c \u0111\u1ec3 b\u00e1o c\u00e1o b\u1ea5t k\u1ef3 h\u00e0nh vi vi ph\u1ea1m c\u00e1c \u0110i\u1ec1u kho\u1ea3n D\u1ecbch v\u1ee5 theo \u0111\u1ecba ch\u1ec9 Y8.com.vn@gmail.com. 2. Y8.com.vn c\u00f3 th\u1ec3 li\u00ean l\u1ea1c v\u1edbi b\u1ea1n v\u00e0 g\u1eedi cho b\u1ea1n c\u00e1c th\u00f4ng b\u00e1o, bao g\u1ed3m c\u1ea3 th\u00f4ng b\u00e1o li\u00ean quan \u0111\u1ebfn [&hellip;]<\/p>","protected":false},"author":141234,"featured_media":0,"parent":0,"menu_order":0,"comment_status":"closed","ping_status":"closed","template":"","meta":{"footnotes":""},"class_list":["post-41886","page","type-page","status-publish","hentry"],"jetpack_sharing_enabled":true,"_links":{"self":[{"href":"https:\/\/y8.com.vn\/en\/wp-json\/wp\/v2\/pages\/41886","targetHints":{"allow":["GET"]}}],"collection":[{"href":"https:\/\/y8.com.vn\/en\/wp-json\/wp\/v2\/pages"}],"about":[{"href":"https:\/\/y8.com.vn\/en\/wp-json\/wp\/v2\/types\/page"}],"author":[{"embeddable":true,"href":"https:\/\/y8.com.vn\/en\/wp-json\/wp\/v2\/users\/141234"}],"replies":[{"embeddable":true,"href":"https:\/\/y8.com.vn\/en\/wp-json\/wp\/v2\/comments?post=41886"}],"version-history":[{"count":2,"href":"https:\/\/y8.com.vn\/en\/wp-json\/wp\/v2\/pages\/41886\/revisions"}],"predecessor-version":[{"id":41888,"href":"https:\/\/y8.com.vn\/en\/wp-json\/wp\/v2\/pages\/41886\/revisions\/41888"}],"wp:attachment":[{"href":"https:\/\/y8.com.vn\/en\/wp-json\/wp\/v2\/media?parent=41886"}],"curies":[{"name":"wp","href":"https:\/\/api.w.org\/{rel}","templated":true}]}}