{"id":41879,"date":"2024-04-29T11:37:27","date_gmt":"2024-04-29T04:37:27","guid":{"rendered":"https:\/\/y8.com.vn\/?page_id=41879"},"modified":"2024-04-29T11:38:01","modified_gmt":"2024-04-29T04:38:01","slug":"chinh-sach-bao-mat","status":"publish","type":"page","link":"https:\/\/y8.com.vn\/de\/versicherungsschutz\/","title":{"rendered":"Datenschutzrichtlinie"},"content":{"rendered":"<div>\n<h2>Datenschutzrichtlinie<\/h2>\n<div><\/div>\n<div>Y8.com.vn nimmt den Schutz Ihrer Privatsph\u00e4re sehr ernst. Y8.com.vn ist dem Schutz Ihrer Privatsph\u00e4re verpflichtet und diese Datenschutzrichtlinie erl\u00e4utert unsere Datenerhebung, -nutzung und -offenlegung.<\/div>\n<div><\/div>\n<div>Diese Richtlinie regelt, wie Y8.com.vn mit pers\u00f6nlichen Daten umgeht, die Y8.com.vn von Ihnen sammelt und erh\u00e4lt.<\/div>\n<div><\/div>\n<div>Y8.com.vn stellt Ihnen seine Dienste (\u201eDienste\u201c) gem\u00e4\u00df den folgenden Nutzungsbedingungen und Datenschutzrichtlinien zur Verf\u00fcgung. Wir k\u00f6nnen diese Datenschutzrichtlinie von Zeit zu Zeit aktualisieren. Die aktuelle Version der Datenschutzerkl\u00e4rung k\u00f6nnen Sie jederzeit hier einsehen. Wenn Sie die Dienste nach solchen \u00c4nderungen weiterhin nutzen, akzeptieren Sie die neue Datenschutzrichtlinie.<\/div>\n<div><\/div>\n<h3>1. Erhebung und Nutzung von Informationen:<\/h3>\n<div><\/div>\n<div>Wenn Sie sich f\u00fcr ein Y8.com.vn-Konto registrieren, erfasst Y8.com.vn pers\u00f6nliche Informationen wie Benutzername, E-Mail-Adresse, Geburtsdatum, Geschlecht und alle anderen pers\u00f6nlichen Informationen, die Sie f\u00fcr den Dienst eingegeben haben, sowie Ihr Kontodarstellungsbild .<\/div>\n<div><\/div>\n<div>Y8.com.vn wird Ihre pers\u00f6nlichen Daten f\u00fcr die folgenden allgemeinen Zwecke verwenden: (I) um Ihnen Dienstleistungen bereitzustellen; (ii) Um auf Ihre Fragen und Kommentare zu antworten; (iii) um Sie per E-Mail (oder auf andere elektronische Weise) \u00fcber die Dienste zu informieren; (iv) F\u00fcr statistische Zwecke und (V) Andere Zwecke, die Ihnen zum Zeitpunkt der Erhebung mitgeteilt wurden.<\/div>\n<div><\/div>\n<div>Wenn Sie den Dienst nutzen, k\u00f6nnen Sie Ihre pers\u00f6nlichen Daten einrichten. Y8.com.vn speichert und sammelt diese Informationen, damit Y8.com.vn Ihnen pers\u00f6nliche Dienste und Kernfunktionen bereitstellen kann.<\/div>\n<div><\/div>\n<div>Bitte beachten Sie, dass Y8.com.vn diese Zahlungsinformationen weder empf\u00e4ngt noch speichert, wenn Sie beim Kauf von Servicepl\u00e4nen (Abonnements) Zahlungsdetails in den Dienst eingeben, da diese Informationen vom Anbieter unserer Zahlungsdienste empfangen, gespeichert und verwendet werden zum Zwecke der Abwicklung von Kauftransaktionen.<\/div>\n<div><\/div>\n<h3>2. Speicherung personenbezogener Daten:<\/h3>\n<div><\/div>\n<div>Die pers\u00f6nlichen Daten des Mitglieds werden w\u00e4hrend der gesamten Mitgliedschaftsdauer des Mitglieds auf Y8.com.vn und\/oder sobald das Mitglied eine Anfrage zum L\u00f6schen pers\u00f6nlicher Daten auf Y8.com sendet, automatisch sicher im Serverspeicher der Y8.com.vn-Website gespeichert. Telefonnummer oder E-Mail-Adresse des Y8.com.vn-Website-Verwaltungsrats<\/div>\n<div><\/div>\n<h3>3. Cookies<\/h3>\n<div><\/div>\n<div>Ein Cookie ist eine kleine Datenmenge, die oft eine anonyme eindeutige Kennung enth\u00e4lt, die von Ihren Ger\u00e4ten (Computer oder Telefon\u2026) an Ihren Browser gesendet und auf Ihrem Ger\u00e4t gespeichert wird. Sie k\u00f6nnen Ihren Browser so konfigurieren, dass er alle Cookies akzeptiert, alle Cookies ablehnt oder Sie benachrichtigt, wenn Cookies gesetzt werden. Wenn Sie bereits auf Ihrem Ger\u00e4t vorhandene Cookies l\u00f6schen m\u00f6chten, lesen Sie bitte die Anweisungen Ihres Browsers, um den Speicherort der Datei oder des Ordners zu ermitteln, in dem die Cookies gespeichert sind. Wenn Sie alle Cookies ablehnen, k\u00f6nnen Sie m\u00f6glicherweise einige Funktionen des Dienstes nicht nutzen.<\/div>\n<div><\/div>\n<div>Y8.com.vn erm\u00f6glicht anderen Organisationen die Anzeige von Werbung oder die Bereitstellung von Diensten auf einigen unserer Websites, um ihre Cookies auf Ihrem Ger\u00e4t zu platzieren und darauf zuzugreifen. Andere Organisationen m\u00fcssen Cookies verwenden, die ihren eigenen Datenschutzrichtlinien unterliegen, nicht dieser Richtlinie. Werbetreibende oder andere Organisationen haben keinen Zugriff auf die Cookies von Y8.com.vn.<\/div>\n<div><\/div>\n<h3>4. Offenlegung personenbezogener Daten<\/h3>\n<div><\/div>\n<div>Die Mitglieder erkl\u00e4ren sich damit einverstanden, dass die folgenden Agenturen\/Organisationen\/Einzelpersonen im Bedarfsfall das Recht haben, auf ihre pers\u00f6nlichen Daten zuzugreifen und diese zu sammeln, einschlie\u00dflich:<\/div>\n<div><\/div>\n<div>Y8.com.vn Website-Verwaltungsrat; Dritte haben Dienste in die Website Y8.com.vn integriert; Auf Anfrage zust\u00e4ndige Landesbeh\u00f6rde gem\u00e4\u00df den Bestimmungen der Betriebsordnung.<\/div>\n<div><\/div>\n<h3>5. Werbung Dritter<\/h3>\n<div><\/div>\n<div>Y8.com.vn zeigt ausgew\u00e4hlte Anzeigen zu pers\u00f6nlichen Daten an. Y8.com.vn stellt Werbetreibenden keine personenbezogenen Daten zur Verf\u00fcgung, wenn Sie mit Anzeigen interagieren oder diese ansehen. Indem Sie jedoch mit einer Anzeige interagieren oder diese ansehen, stimmen Sie der M\u00f6glichkeit zu, dass der Werbetreibende davon ausgeht, dass Sie die f\u00fcr die Anzeige der Anzeige verwendeten Targeting-Kriterien erf\u00fcllen. Wir k\u00f6nnen auch im Namen eines oder mehrerer Dritter f\u00fcr Sie werben, aber in solchen F\u00e4llen geben wir Ihre E-Mail-Adresse oder andere pers\u00f6nliche Daten nicht an diese Dritten weiter.<\/div>\n<div><\/div>\n<h3>6. Vertraulichkeit und Sicherheit<\/h3>\n<div><\/div>\n<div>Wir werden Ma\u00dfnahmen ergreifen, um personenbezogene Daten durch angemessene Standardsicherheitsma\u00dfnahmen vor Verlust oder Diebstahl sowie vor unbefugtem Zugriff, Offenlegung, Kopieren, unangemessener Verwendung oder \u00c4nderung zu sch\u00fctzen.<\/div>\n<div><\/div>\n<div>Nur Sie und wir k\u00f6nnen Ihre personenbezogenen Daten sehen, die gem\u00e4\u00df dieser Datenschutzrichtlinie durch Passw\u00f6rter und andere Methoden gesch\u00fctzt sind. Sie erkl\u00e4ren sich damit einverstanden, Ihr(e) Passwort(e) vertraulich zu behandeln und es keiner anderen Person preiszugeben bzw. die Offenlegung Ihres Passworts zu gestatten.<\/div>\n<div><\/div>\n<div>Y8.com.vn verf\u00fcgt \u00fcber Sicherheitsvorkehrungen zur Einhaltung der Vorschriften zum Schutz Ihrer pers\u00f6nlichen Daten. Allerdings ist die Daten\u00fcbertragung \u00fcber das Internet nicht mit 100%-Sicherheit garantiert. Daher kann Y8.com.vn die Sicherheit der von Ihnen an Y8.com.vn \u00fcbermittelten Informationen nicht garantieren oder sich dazu verpflichten. Insbesondere erfolgt der Zugriff auf und die Nutzung des Dienstes auf eigenes Risiko und Sie sind daf\u00fcr verantwortlich, den Zugriff auf Ihren Computer einzuschr\u00e4nken und sicherzustellen, dass Ihr Computer frei von allen Arten von Schadcode, Spyware, Viren, Trojanern usw. ist, die verfolgt werden k\u00f6nnten Alle Daten, die Sie in den Dienst eingeben, einschlie\u00dflich E-Mail-Adressen und zahlungsbezogenen Informationen. Wir haften nicht f\u00fcr Verluste oder Sch\u00e4den, die aus der Nichtbeachtung dieses Abschnitts durch einen Benutzer entstehen.<\/div>\n<div><\/div>\n<div>Wenn Sie jedoch f\u00fcr kostenpflichtige Dienste bezahlen, nutzt Y8.com.vn sichere Zahlungsdienstleister, um sicherzustellen, dass Ihre Zahlungen sicher sind.<\/div>\n<div><\/div>\n<h3>7. Websites Dritter<\/h3>\n<div><\/div>\n<div>Soweit der Dienst auf andere Websites verweist, unterliegen diese anderen Websites nicht dieser Datenschutzrichtlinie. Y8.com.vn empfiehlt Ihnen, die auf diesen anderen Websites ver\u00f6ffentlichten Datenschutzerkl\u00e4rungen zu lesen, um deren Verfahren zur Erhebung, Nutzung und Offenlegung personenbezogener Daten zu verstehen.<\/div>\n<div><\/div>\n<h3>8. Kontaktieren Sie Y8.com.vn<\/h3>\n<div><\/div>\n<div>Wenn Sie Fragen oder Anregungen zu unserer Datenschutzrichtlinie haben, k\u00f6nnen Sie Y8.com.vn per E-Mail unter y8.com.vn@Gmail.Com kontaktieren.<\/div>\n<\/div>\n<div><\/div>","protected":false},"excerpt":{"rendered":"<p>Ch\u00ednh S\u00e1ch V\u1ec1 Quy\u1ec1n Ri\u00eang T\u01b0 Y8.com.vn Xem Quy\u1ec1n Ri\u00eang T\u01b0 C\u1ee7a B\u1ea1n L\u00e0 V\u1ea5n \u0110\u1ec1 R\u1ea5t Nghi\u00eam T\u00fac. Y8.com.vn Cam K\u1ebft B\u1ea3o V\u1ec7 S\u1ef1 Ri\u00eang T\u01b0 C\u1ee7a B\u1ea1n V\u00e0 Ch\u00ednh S\u00e1ch V\u1ec1 Quy\u1ec1n Ri\u00eang T\u01b0 N\u00e0y Gi\u1ea3i Th\u00edch Vi\u1ec7c Thu Th\u1eadp, S\u1eed D\u1ee5ng V\u00e0 Ti\u1ebft L\u1ed9 D\u1eef Li\u1ec7u C\u1ee7a Ch\u00fang T\u00f4i. Ch\u00ednh S\u00e1ch N\u00e0y [&hellip;]<\/p>","protected":false},"author":141234,"featured_media":0,"parent":0,"menu_order":0,"comment_status":"closed","ping_status":"closed","template":"","meta":{"footnotes":""},"class_list":["post-41879","page","type-page","status-publish","hentry"],"jetpack_sharing_enabled":true,"_links":{"self":[{"href":"https:\/\/y8.com.vn\/de\/wp-json\/wp\/v2\/pages\/41879","targetHints":{"allow":["GET"]}}],"collection":[{"href":"https:\/\/y8.com.vn\/de\/wp-json\/wp\/v2\/pages"}],"about":[{"href":"https:\/\/y8.com.vn\/de\/wp-json\/wp\/v2\/types\/page"}],"author":[{"embeddable":true,"href":"https:\/\/y8.com.vn\/de\/wp-json\/wp\/v2\/users\/141234"}],"replies":[{"embeddable":true,"href":"https:\/\/y8.com.vn\/de\/wp-json\/wp\/v2\/comments?post=41879"}],"version-history":[{"count":2,"href":"https:\/\/y8.com.vn\/de\/wp-json\/wp\/v2\/pages\/41879\/revisions"}],"predecessor-version":[{"id":41881,"href":"https:\/\/y8.com.vn\/de\/wp-json\/wp\/v2\/pages\/41879\/revisions\/41881"}],"wp:attachment":[{"href":"https:\/\/y8.com.vn\/de\/wp-json\/wp\/v2\/media?parent=41879"}],"curies":[{"name":"wp","href":"https:\/\/api.w.org\/{rel}","templated":true}]}}