{"id":41876,"date":"2024-04-29T11:32:47","date_gmt":"2024-04-29T04:32:47","guid":{"rendered":"https:\/\/y8.com.vn\/?page_id=41876"},"modified":"2024-05-01T13:07:44","modified_gmt":"2024-05-01T06:07:44","slug":"dieu-khoan-dich-vu","status":"publish","type":"page","link":"https:\/\/y8.com.vn\/de\/bedingungen\/","title":{"rendered":"Nutzungsbedingungen"},"content":{"rendered":"<h1>Nutzungsbedingungen<\/h1>\n<h2>EINF\u00dcHREN<\/h2>\n<p>Vielen Dank, dass Sie unsere Dienste (\u201eDienste\u201c) nutzen. Dies ist ein Online-Videospieldienst, der von der META Online Joint Stock Company entwickelt und bereitgestellt wird. Um auf die Dienste von Y8.com.vn zugreifen zu k\u00f6nnen, m\u00fcssen Sie m\u00f6glicherweise ein Konto registrieren. Nachfolgend finden Sie unsere Nutzungsbedingungen. Durch die Nutzung unserer Dienste stimmen Sie diesen Bedingungen zu. Bitte lesen Sie die Bedingungen sorgf\u00e4ltig durch.<\/p>\n<h2>NUTZUNGSBEDINGUNGEN<\/h2>\n<h2>I. ANNAHME DER BEDINGUNGEN<\/h2>\n<p>1. Indem Sie auf unsere Dienste zugreifen oder diese nutzen, best\u00e4tigen Sie, dass Sie mit den vorliegenden Nutzungsbedingungen einverstanden sind. Sie best\u00e4tigen au\u00dferdem, dass Sie mindestens 14 Jahre alt sind. Wenn Sie unter 14 Jahre alt sind, haben Sie die Zustimmung Ihrer Eltern oder Erziehungsberechtigten, die f\u00fcr die Einhaltung dieser Nutzungsbedingungen durch Sie verantwortlich sind.<\/p>\n<p>2. Diese Bedingungen k\u00f6nnen von uns aktualisiert werden. Die aktuelle Version der Nutzungsbedingungen k\u00f6nnen Sie jederzeit hier einsehen. Ihre fortgesetzte Nutzung der Dienste, nachdem wir \u00c4nderungen an den Nutzungsbedingungen vorgenommen haben, stellt Ihr Einverst\u00e4ndnis mit den neuen Nutzungsbedingungen dar.<\/p>\n<p>3. Sie k\u00f6nnen die Nutzung unserer Dienste beenden, wenn Sie mit der Einhaltung dieser Nutzungsbedingungen oder k\u00fcnftiger von uns festgelegter Nutzungsbedingungen nicht einverstanden sind.<\/p>\n<h2>II. KONTO<\/h2>\n<p>Der Dienst erm\u00f6glicht es Benutzern (\u201eBenutzer\u201c), ein Konto beim Dienst zu registrieren, um Online-Profile auf Y8.com.vn zu erstellen und zu aktualisieren. Jeder Benutzer kann viele verschiedene Konten auf Y8.com.vn erstellen, indem er Anmeldeformulare \u00fcber E-Mail, Telefonnummer, Facebook oder Google verwendet.<\/p>\n<h2>III. REGISTRIEREN<\/h2>\n<p>1. Um auf die auf der Website Y8.com.vn bereitgestellten Dienste zugreifen und diese nutzen zu k\u00f6nnen, m\u00fcssen sich Benutzer m\u00f6glicherweise als Mitglieder auf der Website Y8.com.vn registrieren. Zu den erforderlichen Informationen zum Ausf\u00fcllen des Formulars zur Mitgliederregistrierung geh\u00f6ren: vollst\u00e4ndiger Name, Geburtsdatum, E-Mail, Kontakttelefonnummer, Adresse, Personalausweis, Reisepass oder Personalausweis ... Mitglieder sind allein f\u00fcr die bereitgestellten Informationen verantwortlich. Die Website Y8.com.vn \u00fcbernimmt keine Verantwortung oder Verpflichtung in Bezug auf die von Mitgliedern bereitgestellten Informationen.<\/p>\n<p>2. Sie sind f\u00fcr die Wahrung der Vertraulichkeit Ihres Passworts und Kontos verantwortlich und tragen die volle Verantwortung f\u00fcr alle Aktivit\u00e4ten, die unter diesem Konto stattfinden. Jedes Konto muss privat genutzt werden und ist nicht \u00fcbertragbar. Du stimmst zu:<\/p>\n<p>2.1. Nutzen Sie Ihr Konto pers\u00f6nlich und geben Sie es nicht an andere weiter.<\/p>\n<p>2.2. Benachrichtigen Sie uns unverz\u00fcglich schriftlich \u00fcber jede unbefugte Nutzung Ihres Passworts oder Kontos oder \u00fcber jede andere Sicherheitsverletzung.<\/p>\n<p>2.3. Geben Sie gem\u00e4\u00df den Anweisungen im Service-Registrierungsformular wahrheitsgem\u00e4\u00dfe, genaue, aktuelle und vollst\u00e4ndige Informationen zu Ihrer Person an.<\/p>\n<p>2.4. Pflegen und aktualisieren Sie die Registrierungsdaten, um sicherzustellen, dass sie wahr, genau, aktuell und vollst\u00e4ndig sind.<\/p>\n<p>3. Wenn Sie unter 14 Jahre alt sind, ben\u00f6tigen Sie die Erlaubnis Ihres Erziehungsberechtigten, um ein Konto f\u00fcr Sie zu registrieren.<\/p>\n<h2>IV. INFORMATIONSSICHERHEITSPOLITIK<\/h2>\n<p>1. Registrierungsdaten und bestimmte andere Informationen \u00fcber Sie unterliegen unserer Datenschutzrichtlinie, deren Bedingungen durch Verweis in diese Nutzungsbedingungen einbezogen werden. Die Festlegung, welche personenbezogenen Daten in Ihrem Profil weitergegeben werden d\u00fcrfen, liegt in Ihrem Ermessen und in Ihrer Verantwortung. Indem Sie die Dienste abonnieren, akzeptieren Sie die Bedingungen dieser Nutzungsbedingungen und erkl\u00e4ren Ihr Verst\u00e4ndnis und Ihre Zustimmung zur Erfassung, Nutzung und Offenlegung von Informationen, die in der Datenschutzrichtlinie unserer Datenschutzrechte beschrieben sind.<\/p>\n<h2>V. BENUTZERINHALTE UND -VERHALTEN IM DIENST<\/h2>\n<p>1. Einige Teile des Dienstes erm\u00f6glichen Ihnen das Hochladen auf unseren Dienst, einschlie\u00dflich Informationen im Abschnitt \u201eMitgliederregistrierungsinformationen\u201c, wie Name, Avatar, E-Mail, Telefonnummer usw. Alle von Benutzern geposteten, hochgeladenen und per E-Mail gesendeten Informationen sind Eigentum der Benutzer und Verantwortung des Benutzers. Y8.com.vn ist nicht verantwortlich f\u00fcr Inhalte, die Benutzer \u00fcber den Dienst hochladen, ver\u00f6ffentlichen, per E-Mail versenden, \u00fcbertragen oder verf\u00fcgbar machen, und \u00fcbernimmt keine Garantie f\u00fcr die Genauigkeit, Integrit\u00e4t oder Qualit\u00e4t dieser Inhalte.<\/p>\n<p>2. Sie akzeptieren, dass Y8.com.vn Benutzerinhalte nicht \u00fcberwacht, Y8.com.vn jedoch das Recht (jedoch nicht die Pflicht) hat, Benutzerinhalte, die gegen die Nutzungsbedingungen versto\u00dfen, abzulehnen, zu verschieben oder zu l\u00f6schen (Die Meinung von Y8.com.vn) ist ung\u00fcltig.<\/p>\n<p>3. Y8.com.vn erhebt keinen Anspruch auf Eigentum an Benutzerinhalten. Durch die \u00dcbermittlung von Benutzerinhalten an den Dienst gew\u00e4hren Sie Y8.com.vn eine weltweite, geb\u00fchrenfreie und exklusive Lizenz zur Reproduktion, \u00c4nderung und Ver\u00f6ffentlichung von Benutzerinhalten.<\/p>\n<p>4. Sie erkl\u00e4ren sich damit einverstanden, den Dienst sorgf\u00e4ltig, ordnungsgem\u00e4\u00df und rechtm\u00e4\u00dfig zu nutzen und stellen sicher, dass Sie nicht gegen geltende nationale oder internationale Gesetze oder Rechte Dritter (einschlie\u00dflich Markenrechte, Gesch\u00e4ftsgeheimnisse, Urheberrechte oder andere Eigentumsrechte) versto\u00dfen. Insbesondere erkl\u00e4ren Sie sich damit einverstanden, den Dienst nicht zu folgenden Zwecken zu nutzen:<\/p>\n<p>4.1. Benutzerinhalte hochzuladen, zu ver\u00f6ffentlichen, zu kommentieren, per E-Mail zu versenden, zu \u00fcbertragen oder auf andere Weise verf\u00fcgbar zu machen, wenn diese rechtswidrig, sch\u00e4dlich, bedrohlich, beleidigend, bel\u00e4stigend, verleumderisch, politisch oder religi\u00f6s sind oder vulg\u00e4re, obsz\u00f6ne oder verleumderische Inhalte enthalten oder die Privatsph\u00e4re anderer verletzen , hasserf\u00fcllt, rassistisch, ethnisch oder beleidigend;<\/p>\n<p>4.2. Minderj\u00e4hrigen in irgendeiner Weise schaden;<\/p>\n<p>4.3. Sich als eine nat\u00fcrliche oder juristische Person auszugeben, einschlie\u00dflich, aber nicht beschr\u00e4nkt auf, einen leitenden Angestellten, F\u00fchrer oder Gastgeber von Y8.com.vn, oder Ihre Verbindung zu einer nat\u00fcrlichen oder juristischen Person falsch anzugeben oder falsch darzustellen;<\/p>\n<p>4.4. Nutzung des Dienstes als Relay-Dienst zu einer anderen Website;<\/p>\n<p>4.5. Titel f\u00e4lschen oder \u00fcber den Dienst \u00fcbertragene Inhalte ver\u00e4ndern, um den Ursprung dieser Inhalte zu verschleiern;<\/p>\n<p>4.6. Benutzerinhalte hochzuladen, zu ver\u00f6ffentlichen, per E-Mail zu versenden, zu \u00fcbermitteln oder auf andere Weise verf\u00fcgbar zu machen, zu deren Bereitstellung Sie aufgrund eines Gesetzes oder einer vertraglichen oder treuh\u00e4nderischen Beziehung nicht berechtigt sind (z. B. Insiderinformationen, gesch\u00fctzte und vertrauliche Informationen, die als Teil eines bekannt sind oder offengelegt werden). Arbeitsverh\u00e4ltnis);<\/p>\n<p>4.7. Benutzerinhalte hochzuladen, zu ver\u00f6ffentlichen, per E-Mail zu versenden, zu \u00fcbertragen oder auf andere Weise verf\u00fcgbar zu machen, die die geistigen Eigentumsrechte (wie in Klausel X dargelegt) oder die Datenschutzrechte einer Partei verletzen;<\/p>\n<p>5.8. Unaufgeforderte oder unautorisierte Werbung, Werbematerialien, \u201eSpam\u201c oder jede andere Form der Werbung hochzuladen, zu ver\u00f6ffentlichen, per E-Mail zu versenden, zu \u00fcbertragen oder anderweitig verf\u00fcgbar zu machen;<\/p>\n<p>4.9. Hochladen, Posten, E-Mailen, \u00dcbertragen oder Verf\u00fcgbarmachen von Material, das Softwareviren oder andere Computercodes, Dateien oder Programme enth\u00e4lt, die dazu bestimmt sind, die Funktionalit\u00e4t der Softwaresoftware, Computerhardware oder Telekommunikationsausr\u00fcstung zu st\u00f6ren, zu zerst\u00f6ren oder einzuschr\u00e4nken;<\/p>\n<p>4.10. Die mit den Diensten verbundenen Dienste oder Server oder Netzwerke st\u00f6ren oder unterbrechen oder Anforderungen, Verfahren, Richtlinien oder Vorschriften der mit den Diensten verbundenen Netzwerke nicht einhalten;<\/p>\n<p>4.11. Bel\u00e4stigung anderer Benutzer;<\/p>\n<p>4.12. Erhebung oder Speicherung personenbezogener Daten anderer Benutzer im Zusammenhang mit den in den obigen Abschnitten dargelegten verbotenen Handlungen und Aktivit\u00e4ten; Und\/Oder<\/p>\n<p>4.13. Werbung f\u00fcr andere Websites oder Dienste, die nicht mit den von Y8.com.vn bereitgestellten Diensten in Zusammenhang stehen.<\/p>\n<p>5. Sie erkennen an und stimmen zu, dass Y8.com.vn Benutzerinhalte aufbewahren und Benutzerinhalte auch offenlegen kann, wenn dies gesetzlich vorgeschrieben ist oder wenn Sie nach Treu und Glauben davon ausgehen, dass eine solche Aufbewahrung erforderlich ist, um: (A) den Anforderungen nachzukommen Legaler Prozess; (B) Durchsetzung der Nutzungsbedingungen oder der Bedingungen f\u00fcr kostenpflichtige Dienste; (C) L\u00f6sung von Anspr\u00fcchen, dass Benutzerinhalte die Rechte Dritter verletzen; Oder (D) die Rechte, das Eigentum oder die pers\u00f6nliche Sicherheit von Y8.com.vn, Y8.com.vn-Benutzern und der \u00d6ffentlichkeit sch\u00fctzen.<\/p>\n<h2>WEIL. INHALTE DRITTER UND LINKS ZU WEBSITES DRITTER<\/h2>\n<p>Y8.com.vn kann Inhalte Dritter und Links zu anderen Websites (\u201everlinkte Websites\u201c) enthalten. Y8.com.vn unterst\u00fctzt, sponsert, empfiehlt oder \u00fcbernimmt keine Verantwortung f\u00fcr eine verlinkte Website. Dar\u00fcber hinaus stehen die verlinkten Seiten nicht unter der Kontrolle von Y8.com.vn und Y8.com.vn ist nicht verantwortlich f\u00fcr den Inhalt oder die Datenschutzpraktiken der verlinkten Seiten, einschlie\u00dflich, aber nicht beschr\u00e4nkt auf die Begriffe und die auf einer verlinkten Seite enthaltenen Links Website oder etwaige \u00c4nderungen oder Aktualisierungen einer verlinkten Website.<\/p>\n<h2>VII. ENDE<\/h2>\n<p>1. Sie stimmen zu, dass Y8.com.vn Ihr Konto k\u00fcndigen kann, wenn Y8.com.vn Grund zu der Annahme hat, dass Sie gegen die Nutzungsbedingungen versto\u00dfen oder diese nicht eingehalten haben. Nach einer solchen K\u00fcndigung kann Y8.com.vn alle Ihre Benutzerinhalte aus dem Dienst l\u00f6schen und entfernen.<\/p>\n<p>2. Y8.com.vn beh\u00e4lt sich das alleinige Recht vor, den Dienst (oder einen Teil davon) jederzeit vor\u00fcbergehend oder dauerhaft zu \u00e4ndern oder einzustellen. Sie erkl\u00e4ren sich damit einverstanden, dass Y8.com.vn Ihnen oder Dritten gegen\u00fcber nicht f\u00fcr die \u00c4nderung oder Einstellung des Dienstes verantwortlich ist (mit Ausnahme des in Klausel IV oben genannten Umfangs f\u00fcr die zahlbaren Dienste), sofern zwischen Y8.com nichts anderes vereinbart wurde. vn und solche Dritten.<\/p>\n<h2>VIII. RECHTE AN GEISTIGEM EIGENTUM<\/h2>\n<p>1. Sie erkennen an und stimmen zu, dass alle geistigen Eigentumsrechte am Dienst, jegliche notwendige Software, die im Zusammenhang mit dem Dienst verwendet wird, und alle im Dienst enthaltenen Inhalte (einschlie\u00dflich Text, Video, Audiobars, Bilder oder andere Materialien...) in Zus\u00e4tzlich zum Benutzerinhalt (\u201eInhalt\u201c) geh\u00f6rt Y8.com.vn und den Lizenzgebern von Y8.com.vn.<\/p>\n<p>2. Sie stimmen zu und verpflichten sich, keine Inhalte des Dienstes (einschlie\u00dflich Text, Video, Audio, Bilder oder andere Materialien ...) ohne schriftliche Genehmigung zu verwenden oder zu kopieren.<\/p>\n<p>3. Durch die Nutzung des Dienstes verpflichten Sie sich dazu:<\/p>\n<p>3. 1. Greifen Sie nicht mit anderen Mitteln als \u00fcber die von Y8.com.vn f\u00fcr den Zugriff auf den Dienst bereitgestellten Schnittstellen auf den Dienst oder die Inhalte zu. Oder<\/p>\n<p>3. 2. Sofern nicht ausdr\u00fccklich von Y8.com.vn oder verbundenen Dritten (einschlie\u00dflich Drittwerbetreibenden) genehmigt, d\u00fcrfen sie weder im Ganzen noch in Teilen ge\u00e4ndert, vermietet, geleast, verliehen, verkauft, verbreitet oder auf der Grundlage der Dienste erstellte Werke erstellt werden Teil.<\/p>\n<h2>IX. KONTAKT<\/h2>\n<p>1. Bitte kontaktieren Sie uns bei Fragen oder um Verst\u00f6\u00dfe gegen diese Nutzungsbedingungen zu melden, unter Info@Meta.Vn.<\/p>\n<p>2. Y8.com.vn kann Sie per E-Mail oder Telefon kontaktieren und Ihnen Mitteilungen senden, einschlie\u00dflich Mitteilungen zu \u00c4nderungen dieser Nutzungsbedingungen, indem Sie sich f\u00fcr den Erhalt von Benachrichtigungen in der Zeitung anmelden.<\/p>","protected":false},"excerpt":{"rendered":"<p>\u0110i\u1ec1u Kho\u1ea3n D\u1ecbch V\u1ee5 GI\u1edaI THI\u1ec6U C\u1ea3m \u01a0n B\u1ea1n S\u1eed D\u1ee5ng D\u1ecbch V\u1ee5 C\u1ee7a Ch\u00fang T\u00f4i (&#8220;D\u1ecbch V\u1ee5&#8221;). \u0110\u00e2y L\u00e0 D\u1ecbch V\u1ee5 Tr\u00f2 Ch\u01a1i \u0110i\u1ec7n T\u1eed Tr\u00ean M\u1ea1ng, \u0110\u01b0\u1ee3c Ph\u00e1t Tri\u1ec3n V\u00e0 Cung C\u1ea5p B\u1edfi C\u00f4ng Ty C\u1ed5 Ph\u1ea7n M\u1ea1ng Tr\u1ef1c Tuy\u1ebfn META. \u0110\u1ec3 Truy C\u1eadp C\u00e1c D\u1ecbch V\u1ee5 C\u1ee7a Y8.com.vn, B\u1ea1n C\u00f3 Th\u1ec3 Ph\u1ea3i [&hellip;]<\/p>","protected":false},"author":141234,"featured_media":0,"parent":0,"menu_order":0,"comment_status":"closed","ping_status":"closed","template":"","meta":{"footnotes":""},"class_list":["post-41876","page","type-page","status-publish","hentry"],"jetpack_sharing_enabled":true,"_links":{"self":[{"href":"https:\/\/y8.com.vn\/de\/wp-json\/wp\/v2\/pages\/41876","targetHints":{"allow":["GET"]}}],"collection":[{"href":"https:\/\/y8.com.vn\/de\/wp-json\/wp\/v2\/pages"}],"about":[{"href":"https:\/\/y8.com.vn\/de\/wp-json\/wp\/v2\/types\/page"}],"author":[{"embeddable":true,"href":"https:\/\/y8.com.vn\/de\/wp-json\/wp\/v2\/users\/141234"}],"replies":[{"embeddable":true,"href":"https:\/\/y8.com.vn\/de\/wp-json\/wp\/v2\/comments?post=41876"}],"version-history":[{"count":3,"href":"https:\/\/y8.com.vn\/de\/wp-json\/wp\/v2\/pages\/41876\/revisions"}],"predecessor-version":[{"id":41921,"href":"https:\/\/y8.com.vn\/de\/wp-json\/wp\/v2\/pages\/41876\/revisions\/41921"}],"wp:attachment":[{"href":"https:\/\/y8.com.vn\/de\/wp-json\/wp\/v2\/media?parent=41876"}],"curies":[{"name":"wp","href":"https:\/\/api.w.org\/{rel}","templated":true}]}}